{"id":3314,"date":"2019-11-29T07:17:12","date_gmt":"2019-11-29T07:17:12","guid":{"rendered":"https:\/\/banhmichaca.vn\/bai-viet\/?post_type=product&#038;p=3314"},"modified":"2019-11-29T07:18:51","modified_gmt":"2019-11-29T07:18:51","slug":"xe-banh-mi-cha-ca-dac-biet-mau-xanh-la-xcdb04","status":"publish","type":"product","link":"https:\/\/banhmichaca.vn\/bai-viet\/product\/xe-banh-mi-cha-ca-dac-biet-mau-xanh-la-xcdb04\/","title":{"rendered":"Xe b\u00e1nh m\u00ec ch\u1ea3 c\u00e1 \u0111\u1eb7c bi\u1ec7t (M\u00e0u Xanh L\u00e1) XCDB04"},"content":{"rendered":"<p>Xe b\u00e1nh m\u00ec ch\u1ea3 c\u00e1 \u0111\u1eb7c bi\u1ec7t m\u00e0u xanh l\u00e1 l\u00e0 m\u1eabu xe b\u00e1nh m\u00ec chuy\u00ean d\u1ee5ng v\u1edbi nhi\u1ec1u t\u00ednh n\u0103ng n\u1ed5i b\u1eadt nh\u01b0 c\u00f3 h\u1ec7 th\u1ed1ng \u1ee7 n\u00f3ng b\u00e1nh m\u00ec c\u00f3 th\u1ec3 \u1ee7 \u0111\u01b0\u1ee3c t\u1eeb 40-60 \u1ed5 c\u00f9ng l\u00fac gi\u00fap qu\u00fd kh\u00e1ch c\u00f3 nh\u1eefng \u1ed5 b\u00e1nh m\u00ec n\u00f3ng gi\u00f2n k\u00e8m ch\u1ea3 c\u00e1 n\u00f3ng r\u1ea5t h\u1ea5p d\u1eabn v\u00e0 ngon. \u0110\u1eb7c t\u00ednh n\u00e0y n\u00e2ng cao s\u1ef1 c\u1ea1nh tranh v\u1edbi c\u00e1c \u0111\u1ed5i th\u1ee7 kh\u00e1c, thu h\u00fat \u0111\u01b0\u1ee3c kh\u00e1ch h\u00e0ng nhi\u1ec1u h\u01a1n. Xe c\u00f2n \u0111\u01b0\u1ee3c trang b\u1ecb b\u1ea3ng hi\u1ec7u mica v\u00e0 \u0111\u00e8n led th\u1eafp s\u00e1ng, qu\u00fd kh\u00e1ch c\u00f3 th\u1ec3 an t\u00e2m b\u00e1n t\u1ed1i ho\u1eb7c s\u00e1ng s\u1edbm, n\u00f3 c\u00f2n \u0111em l\u1ea1i s\u1ef1 chuy\u00ean nghi\u1ec7p v\u00e0 th\u1ea3m m\u1ef9 cho chi\u1ebfc xe h\u01a1n.<\/p>\n<p>Xe b\u00e1nh m\u00ec ch\u1ea3 c\u00e1 \u0111\u1eb7c bi\u1ec7t bao g\u1ed3m:<br \/>\n\u2013 M\u00e1y\/khu\u00f4n \u00e9p ch\u1ea3 c\u00e1 (xoay tr\u00e1i ph\u1ea3i \u2013 n\u1eadng cao th\u1ea5p)<br \/>\n\u2013 Decal qu\u1ea3ng c\u00e1o 2 m\u1eb7t b\u00ean h\u00f4ng v\u00e0 b\u1ea3ng mica \u0111\u00e8n led (t\u00f9y ch\u1ec9nh thi\u1ebft k\u1ebf)<br \/>\n\u2013 T\u1ee7 ki\u1ebfng 2 t\u1ea7ng<br \/>\n\u2013 H\u1ed1c b\u1ebfp chi\u00ean kh\u00e9p k\u00edn<br \/>\n\u2013 L\u00f2 \u1ee7 n\u00f3ng b\u00e1ng m\u00ec, \u1ee7 \u0111\u01b0\u1ee3c 40-60 \u1ed5.<br \/>\n\u2013 M\u00e1i che 2 b\u00ean c\u00e1nh + \u0111\u00e8n led th\u1eafp s\u00e1ng<br \/>\n\u2013 4 b\u00e1nh xe c\u1ee9ng c\u00e1p (2 b\u00e1nh kh\u00f3a ch\u1ea1y)<br \/>\n\u2013 K\u00cdch th\u01b0\u1edbc: 1m x 0.5m x 1.6m<\/p>\n","protected":false},"excerpt":{"rendered":"<p>Xe b\u00e1nh m\u00ec ch\u1ea3 c\u00e1 \u0111\u1eb7c bi\u1ec7t m\u00e0u xanh l\u00e1 l\u00e0 m\u1eabu xe b\u00e1nh m\u00ec chuy\u00ean d\u1ee5ng v\u1edbi nhi\u1ec1u t\u00ednh n\u0103ng n\u1ed5i b\u1eadt nh\u01b0 c\u00f3 h\u1ec7 th\u1ed1ng \u1ee7 n\u00f3ng b\u00e1nh m\u00ec c\u00f3 th\u1ec3 \u1ee7 \u0111\u01b0\u1ee3c t\u1eeb 40-60 \u1ed5 c\u00f9ng l\u00fac gi\u00fap qu\u00fd kh\u00e1ch c\u00f3 nh\u1eefng \u1ed5 b\u00e1nh m\u00ec n\u00f3ng gi\u00f2n k\u00e8m ch\u1ea3 c\u00e1 n\u00f3ng r\u1ea5t [&#8230;]\n","protected":false},"featured_media":3315,"template":"","meta":[],"product_brand":[],"product_cat":[607,621],"product_tag":[610,622,623,615,609],"class_list":{"0":"post-3314","1":"product","2":"type-product","3":"status-publish","4":"has-post-thumbnail","6":"product_cat-xe-banh-mi-cha-ca","7":"product_cat-xe-banh-mi-dac-biet","8":"product_tag-cha-ca","9":"product_tag-dac-biet","10":"product_tag-lo-u-nong","11":"product_tag-xanh-la","12":"product_tag-xe-banh-mi","14":"first","15":"instock","16":"sale","17":"shipping-taxable","18":"purchasable","19":"product-type-simple"},"yoast_head":"<!-- This site is optimized with the Yoast SEO Premium plugin v18.3 (Yoast SEO v27.5) - https:\/\/yoast.com\/product\/yoast-seo-premium-wordpress\/ -->\n<title>Xe b\u00e1nh m\u00ec ch\u1ea3 c\u00e1 \u0111\u1eb7c bi\u1ec7t (M\u00e0u Xanh L\u00e1) XCDB04 - Xe b\u00e1nh m\u00ec ch\u1ea3 c\u00e1<\/title>\n<meta name=\"robots\" content=\"index, follow, max-snippet:-1, max-image-preview:large, max-video-preview:-1\" \/>\n<link rel=\"canonical\" href=\"https:\/\/banhmichaca.vn\/bai-viet\/product\/xe-banh-mi-cha-ca-dac-biet-mau-xanh-la-xcdb04\/\" \/>\n<meta property=\"og:locale\" content=\"vi_VN\" \/>\n<meta property=\"og:type\" content=\"article\" \/>\n<meta property=\"og:title\" content=\"Xe b\u00e1nh m\u00ec ch\u1ea3 c\u00e1 \u0111\u1eb7c bi\u1ec7t (M\u00e0u Xanh L\u00e1) XCDB04\" \/>\n<meta property=\"og:description\" content=\"Xe b\u00e1nh m\u00ec ch\u1ea3 c\u00e1 \u0111\u1eb7c bi\u1ec7t m\u00e0u xanh l\u00e1 l\u00e0 m\u1eabu xe b\u00e1nh m\u00ec chuy\u00ean d\u1ee5ng v\u1edbi nhi\u1ec1u t\u00ednh n\u0103ng n\u1ed5i b\u1eadt nh\u01b0 c\u00f3 h\u1ec7 th\u1ed1ng \u1ee7 n\u00f3ng b\u00e1nh m\u00ec c\u00f3 th\u1ec3 \u1ee7 \u0111\u01b0\u1ee3c t\u1eeb 40-60 \u1ed5 c\u00f9ng l\u00fac gi\u00fap qu\u00fd kh\u00e1ch c\u00f3 nh\u1eefng \u1ed5 b\u00e1nh m\u00ec n\u00f3ng gi\u00f2n k\u00e8m ch\u1ea3 c\u00e1 n\u00f3ng r\u1ea5t [...]\" \/>\n<meta property=\"og:url\" content=\"https:\/\/banhmichaca.vn\/bai-viet\/product\/xe-banh-mi-cha-ca-dac-biet-mau-xanh-la-xcdb04\/\" \/>\n<meta property=\"og:site_name\" content=\"Xe b\u00e1nh m\u00ec ch\u1ea3 c\u00e1\" \/>\n<meta property=\"article:modified_time\" content=\"2019-11-29T07:18:51+00:00\" \/>\n<meta property=\"og:image\" content=\"https:\/\/banhmichaca.vn\/bai-viet\/wp-content\/uploads\/2019\/11\/IMG20191011162231-scaled.jpg\" \/>\n\t<meta property=\"og:image:width\" content=\"2236\" \/>\n\t<meta property=\"og:image:height\" content=\"2560\" \/>\n\t<meta property=\"og:image:type\" content=\"image\/jpeg\" \/>\n<meta name=\"twitter:card\" content=\"summary_large_image\" \/>\n<meta name=\"twitter:label1\" content=\"\u01af\u1edbc t\u00ednh th\u1eddi gian \u0111\u1ecdc\" \/>\n\t<meta name=\"twitter:data1\" content=\"1 ph\u00fat\" \/>\n<script type=\"application\/ld+json\" class=\"yoast-schema-graph\">{\"@context\":\"https:\\\/\\\/schema.org\",\"@graph\":[{\"@type\":\"WebPage\",\"@id\":\"https:\\\/\\\/banhmichaca.vn\\\/bai-viet\\\/product\\\/xe-banh-mi-cha-ca-dac-biet-mau-xanh-la-xcdb04\\\/\",\"url\":\"https:\\\/\\\/banhmichaca.vn\\\/bai-viet\\\/product\\\/xe-banh-mi-cha-ca-dac-biet-mau-xanh-la-xcdb04\\\/\",\"name\":\"Xe b\u00e1nh m\u00ec ch\u1ea3 c\u00e1 \u0111\u1eb7c bi\u1ec7t (M\u00e0u Xanh L\u00e1) XCDB04 - Xe b\u00e1nh m\u00ec ch\u1ea3 c\u00e1\",\"isPartOf\":{\"@id\":\"https:\\\/\\\/banhmichaca.vn\\\/bai-viet\\\/#website\"},\"primaryImageOfPage\":{\"@id\":\"https:\\\/\\\/banhmichaca.vn\\\/bai-viet\\\/product\\\/xe-banh-mi-cha-ca-dac-biet-mau-xanh-la-xcdb04\\\/#primaryimage\"},\"image\":{\"@id\":\"https:\\\/\\\/banhmichaca.vn\\\/bai-viet\\\/product\\\/xe-banh-mi-cha-ca-dac-biet-mau-xanh-la-xcdb04\\\/#primaryimage\"},\"thumbnailUrl\":\"https:\\\/\\\/banhmichaca.vn\\\/bai-viet\\\/wp-content\\\/uploads\\\/2019\\\/11\\\/IMG20191011162231-scaled.jpg\",\"datePublished\":\"2019-11-29T07:17:12+00:00\",\"dateModified\":\"2019-11-29T07:18:51+00:00\",\"breadcrumb\":{\"@id\":\"https:\\\/\\\/banhmichaca.vn\\\/bai-viet\\\/product\\\/xe-banh-mi-cha-ca-dac-biet-mau-xanh-la-xcdb04\\\/#breadcrumb\"},\"inLanguage\":\"vi\",\"potentialAction\":[{\"@type\":\"ReadAction\",\"target\":[\"https:\\\/\\\/banhmichaca.vn\\\/bai-viet\\\/product\\\/xe-banh-mi-cha-ca-dac-biet-mau-xanh-la-xcdb04\\\/\"]}]},{\"@type\":\"ImageObject\",\"inLanguage\":\"vi\",\"@id\":\"https:\\\/\\\/banhmichaca.vn\\\/bai-viet\\\/product\\\/xe-banh-mi-cha-ca-dac-biet-mau-xanh-la-xcdb04\\\/#primaryimage\",\"url\":\"https:\\\/\\\/banhmichaca.vn\\\/bai-viet\\\/wp-content\\\/uploads\\\/2019\\\/11\\\/IMG20191011162231-scaled.jpg\",\"contentUrl\":\"https:\\\/\\\/banhmichaca.vn\\\/bai-viet\\\/wp-content\\\/uploads\\\/2019\\\/11\\\/IMG20191011162231-scaled.jpg\",\"width\":2236,\"height\":2560},{\"@type\":\"BreadcrumbList\",\"@id\":\"https:\\\/\\\/banhmichaca.vn\\\/bai-viet\\\/product\\\/xe-banh-mi-cha-ca-dac-biet-mau-xanh-la-xcdb04\\\/#breadcrumb\",\"itemListElement\":[{\"@type\":\"ListItem\",\"position\":1,\"name\":\"Home\",\"item\":\"https:\\\/\\\/banhmichaca.vn\\\/bai-viet\\\/\"},{\"@type\":\"ListItem\",\"position\":2,\"name\":\"C\u1eeda h\u00e0ng\",\"item\":\"https:\\\/\\\/banhmichaca.vn\\\/bai-viet\\\/shop\\\/\"},{\"@type\":\"ListItem\",\"position\":3,\"name\":\"Xe b\u00e1nh m\u00ec ch\u1ea3 c\u00e1 \u0111\u1eb7c bi\u1ec7t (M\u00e0u Xanh L\u00e1) XCDB04\"}]},{\"@type\":\"WebSite\",\"@id\":\"https:\\\/\\\/banhmichaca.vn\\\/bai-viet\\\/#website\",\"url\":\"https:\\\/\\\/banhmichaca.vn\\\/bai-viet\\\/\",\"name\":\"Xe b\u00e1nh m\u00ec ch\u1ea3 c\u00e1\",\"description\":\"S\u1ea3n xu\u1ea5t xe b\u00e1nh m\u00ec ch\u1ea3 c\u00e1 inox\",\"publisher\":{\"@id\":\"https:\\\/\\\/banhmichaca.vn\\\/bai-viet\\\/#organization\"},\"potentialAction\":[{\"@type\":\"SearchAction\",\"target\":{\"@type\":\"EntryPoint\",\"urlTemplate\":\"https:\\\/\\\/banhmichaca.vn\\\/bai-viet\\\/?s={search_term_string}\"},\"query-input\":{\"@type\":\"PropertyValueSpecification\",\"valueRequired\":true,\"valueName\":\"search_term_string\"}}],\"inLanguage\":\"vi\"},{\"@type\":\"Organization\",\"@id\":\"https:\\\/\\\/banhmichaca.vn\\\/bai-viet\\\/#organization\",\"name\":\"Xe B\u00e1nh m\u00ec Ch\u1ea3 c\u00e1\",\"url\":\"https:\\\/\\\/banhmichaca.vn\\\/bai-viet\\\/\",\"logo\":{\"@type\":\"ImageObject\",\"inLanguage\":\"vi\",\"@id\":\"https:\\\/\\\/banhmichaca.vn\\\/bai-viet\\\/#\\\/schema\\\/logo\\\/image\\\/\",\"url\":\"https:\\\/\\\/banhmichaca.vn\\\/bai-viet\\\/wp-content\\\/uploads\\\/2018\\\/06\\\/120-banhmichaca.vn_.png\",\"contentUrl\":\"https:\\\/\\\/banhmichaca.vn\\\/bai-viet\\\/wp-content\\\/uploads\\\/2018\\\/06\\\/120-banhmichaca.vn_.png\",\"width\":269,\"height\":86,\"caption\":\"Xe B\u00e1nh m\u00ec Ch\u1ea3 c\u00e1\"},\"image\":{\"@id\":\"https:\\\/\\\/banhmichaca.vn\\\/bai-viet\\\/#\\\/schema\\\/logo\\\/image\\\/\"}}]}<\/script>\n<!-- \/ Yoast SEO Premium plugin. -->","yoast_head_json":{"title":"Xe b\u00e1nh m\u00ec ch\u1ea3 c\u00e1 \u0111\u1eb7c bi\u1ec7t (M\u00e0u Xanh L\u00e1) XCDB04 - Xe b\u00e1nh m\u00ec ch\u1ea3 c\u00e1","robots":{"index":"index","follow":"follow","max-snippet":"max-snippet:-1","max-image-preview":"max-image-preview:large","max-video-preview":"max-video-preview:-1"},"canonical":"https:\/\/banhmichaca.vn\/bai-viet\/product\/xe-banh-mi-cha-ca-dac-biet-mau-xanh-la-xcdb04\/","og_locale":"vi_VN","og_type":"article","og_title":"Xe b\u00e1nh m\u00ec ch\u1ea3 c\u00e1 \u0111\u1eb7c bi\u1ec7t (M\u00e0u Xanh L\u00e1) XCDB04","og_description":"Xe b\u00e1nh m\u00ec ch\u1ea3 c\u00e1 \u0111\u1eb7c bi\u1ec7t m\u00e0u xanh l\u00e1 l\u00e0 m\u1eabu xe b\u00e1nh m\u00ec chuy\u00ean d\u1ee5ng v\u1edbi nhi\u1ec1u t\u00ednh n\u0103ng n\u1ed5i b\u1eadt nh\u01b0 c\u00f3 h\u1ec7 th\u1ed1ng \u1ee7 n\u00f3ng b\u00e1nh m\u00ec c\u00f3 th\u1ec3 \u1ee7 \u0111\u01b0\u1ee3c t\u1eeb 40-60 \u1ed5 c\u00f9ng l\u00fac gi\u00fap qu\u00fd kh\u00e1ch c\u00f3 nh\u1eefng \u1ed5 b\u00e1nh m\u00ec n\u00f3ng gi\u00f2n k\u00e8m ch\u1ea3 c\u00e1 n\u00f3ng r\u1ea5t [...]","og_url":"https:\/\/banhmichaca.vn\/bai-viet\/product\/xe-banh-mi-cha-ca-dac-biet-mau-xanh-la-xcdb04\/","og_site_name":"Xe b\u00e1nh m\u00ec ch\u1ea3 c\u00e1","article_modified_time":"2019-11-29T07:18:51+00:00","og_image":[{"width":2236,"height":2560,"url":"https:\/\/banhmichaca.vn\/bai-viet\/wp-content\/uploads\/2019\/11\/IMG20191011162231-scaled.jpg","type":"image\/jpeg"}],"twitter_card":"summary_large_image","twitter_misc":{"\u01af\u1edbc t\u00ednh th\u1eddi gian \u0111\u1ecdc":"1 ph\u00fat"},"schema":{"@context":"https:\/\/schema.org","@graph":[{"@type":"WebPage","@id":"https:\/\/banhmichaca.vn\/bai-viet\/product\/xe-banh-mi-cha-ca-dac-biet-mau-xanh-la-xcdb04\/","url":"https:\/\/banhmichaca.vn\/bai-viet\/product\/xe-banh-mi-cha-ca-dac-biet-mau-xanh-la-xcdb04\/","name":"Xe b\u00e1nh m\u00ec ch\u1ea3 c\u00e1 \u0111\u1eb7c bi\u1ec7t (M\u00e0u Xanh L\u00e1) XCDB04 - Xe b\u00e1nh m\u00ec ch\u1ea3 c\u00e1","isPartOf":{"@id":"https:\/\/banhmichaca.vn\/bai-viet\/#website"},"primaryImageOfPage":{"@id":"https:\/\/banhmichaca.vn\/bai-viet\/product\/xe-banh-mi-cha-ca-dac-biet-mau-xanh-la-xcdb04\/#primaryimage"},"image":{"@id":"https:\/\/banhmichaca.vn\/bai-viet\/product\/xe-banh-mi-cha-ca-dac-biet-mau-xanh-la-xcdb04\/#primaryimage"},"thumbnailUrl":"https:\/\/banhmichaca.vn\/bai-viet\/wp-content\/uploads\/2019\/11\/IMG20191011162231-scaled.jpg","datePublished":"2019-11-29T07:17:12+00:00","dateModified":"2019-11-29T07:18:51+00:00","breadcrumb":{"@id":"https:\/\/banhmichaca.vn\/bai-viet\/product\/xe-banh-mi-cha-ca-dac-biet-mau-xanh-la-xcdb04\/#breadcrumb"},"inLanguage":"vi","potentialAction":[{"@type":"ReadAction","target":["https:\/\/banhmichaca.vn\/bai-viet\/product\/xe-banh-mi-cha-ca-dac-biet-mau-xanh-la-xcdb04\/"]}]},{"@type":"ImageObject","inLanguage":"vi","@id":"https:\/\/banhmichaca.vn\/bai-viet\/product\/xe-banh-mi-cha-ca-dac-biet-mau-xanh-la-xcdb04\/#primaryimage","url":"https:\/\/banhmichaca.vn\/bai-viet\/wp-content\/uploads\/2019\/11\/IMG20191011162231-scaled.jpg","contentUrl":"https:\/\/banhmichaca.vn\/bai-viet\/wp-content\/uploads\/2019\/11\/IMG20191011162231-scaled.jpg","width":2236,"height":2560},{"@type":"BreadcrumbList","@id":"https:\/\/banhmichaca.vn\/bai-viet\/product\/xe-banh-mi-cha-ca-dac-biet-mau-xanh-la-xcdb04\/#breadcrumb","itemListElement":[{"@type":"ListItem","position":1,"name":"Home","item":"https:\/\/banhmichaca.vn\/bai-viet\/"},{"@type":"ListItem","position":2,"name":"C\u1eeda h\u00e0ng","item":"https:\/\/banhmichaca.vn\/bai-viet\/shop\/"},{"@type":"ListItem","position":3,"name":"Xe b\u00e1nh m\u00ec ch\u1ea3 c\u00e1 \u0111\u1eb7c bi\u1ec7t (M\u00e0u Xanh L\u00e1) XCDB04"}]},{"@type":"WebSite","@id":"https:\/\/banhmichaca.vn\/bai-viet\/#website","url":"https:\/\/banhmichaca.vn\/bai-viet\/","name":"Xe b\u00e1nh m\u00ec ch\u1ea3 c\u00e1","description":"S\u1ea3n xu\u1ea5t xe b\u00e1nh m\u00ec ch\u1ea3 c\u00e1 inox","publisher":{"@id":"https:\/\/banhmichaca.vn\/bai-viet\/#organization"},"potentialAction":[{"@type":"SearchAction","target":{"@type":"EntryPoint","urlTemplate":"https:\/\/banhmichaca.vn\/bai-viet\/?s={search_term_string}"},"query-input":{"@type":"PropertyValueSpecification","valueRequired":true,"valueName":"search_term_string"}}],"inLanguage":"vi"},{"@type":"Organization","@id":"https:\/\/banhmichaca.vn\/bai-viet\/#organization","name":"Xe B\u00e1nh m\u00ec Ch\u1ea3 c\u00e1","url":"https:\/\/banhmichaca.vn\/bai-viet\/","logo":{"@type":"ImageObject","inLanguage":"vi","@id":"https:\/\/banhmichaca.vn\/bai-viet\/#\/schema\/logo\/image\/","url":"https:\/\/banhmichaca.vn\/bai-viet\/wp-content\/uploads\/2018\/06\/120-banhmichaca.vn_.png","contentUrl":"https:\/\/banhmichaca.vn\/bai-viet\/wp-content\/uploads\/2018\/06\/120-banhmichaca.vn_.png","width":269,"height":86,"caption":"Xe B\u00e1nh m\u00ec Ch\u1ea3 c\u00e1"},"image":{"@id":"https:\/\/banhmichaca.vn\/bai-viet\/#\/schema\/logo\/image\/"}}]}},"_links":{"self":[{"href":"https:\/\/banhmichaca.vn\/bai-viet\/wp-json\/wp\/v2\/product\/3314","targetHints":{"allow":["GET"]}}],"collection":[{"href":"https:\/\/banhmichaca.vn\/bai-viet\/wp-json\/wp\/v2\/product"}],"about":[{"href":"https:\/\/banhmichaca.vn\/bai-viet\/wp-json\/wp\/v2\/types\/product"}],"wp:featuredmedia":[{"embeddable":true,"href":"https:\/\/banhmichaca.vn\/bai-viet\/wp-json\/wp\/v2\/media\/3315"}],"wp:attachment":[{"href":"https:\/\/banhmichaca.vn\/bai-viet\/wp-json\/wp\/v2\/media?parent=3314"}],"wp:term":[{"taxonomy":"product_brand","embeddable":true,"href":"https:\/\/banhmichaca.vn\/bai-viet\/wp-json\/wp\/v2\/product_brand?post=3314"},{"taxonomy":"product_cat","embeddable":true,"href":"https:\/\/banhmichaca.vn\/bai-viet\/wp-json\/wp\/v2\/product_cat?post=3314"},{"taxonomy":"product_tag","embeddable":true,"href":"https:\/\/banhmichaca.vn\/bai-viet\/wp-json\/wp\/v2\/product_tag?post=3314"}],"curies":[{"name":"wp","href":"https:\/\/api.w.org\/{rel}","templated":true}]}}