{"id":3291,"date":"2019-11-29T02:22:45","date_gmt":"2019-11-29T02:22:45","guid":{"rendered":"https:\/\/banhmichaca.vn\/bai-viet\/?post_type=product&#038;p=3291"},"modified":"2019-11-29T02:25:22","modified_gmt":"2019-11-29T02:25:22","slug":"xe-banh-mi-cha-ca-nho-xanh-zalo-mau-moi-xcnm01","status":"publish","type":"product","link":"https:\/\/banhmichaca.vn\/bai-viet\/product\/xe-banh-mi-cha-ca-nho-xanh-zalo-mau-moi-xcnm01\/","title":{"rendered":"Xe b\u00e1nh m\u00ec ch\u1ea3 c\u00e1 nh\u1ecf (xanh Zalo) M\u1eabu m\u1edbi &#8211; XCNM01"},"content":{"rendered":"<p>Xe b\u00e1nh m\u00ec ch\u1ea3 c\u00e1 lo\u1ea1i th\u01b0\u1eddng m\u00e0u xanh Zalo v\u1edbi k\u00edch th\u01b0\u1edbc nh\u1ecf g\u1ecdn, d\u1ec5 di chuy\u1ec3n s\u1ebd gi\u00fap qu\u00fd kh\u00e1ch kinh doanh d\u1ec5 d\u00e0ng t\u1ea1i nh\u1eefng \u0111\u1ecba \u0111i\u1ec3m c\u00f3 di\u1ec7n t\u00edch h\u1ea1n h\u1eb9p. Thi\u1ebft k\u1ebf \u0111\u1eb9p m\u1eaft v\u1edbi t\u00f4ng m\u00e0u n\u1ed5i \u0111\u1ec3 kh\u00e1ch h\u00e0ng d\u1ec5 d\u00e0ng nh\u1eadn bi\u1ebft khi t\u1eeb \u0111\u1eb1ng xa. V\u1edbi h\u01a1n 6 n\u0103m kinh nghi\u1ec7m trong l\u0129nh v\u1ef1c thi\u1ebft k\u1ebf xe b\u00e1nh m\u00ec ch\u1ea3 c\u00e1, ch\u00fang t\u00f4i lu\u00f4n c\u00f3 nh\u1eefng s\u1ea3n ph\u1ea9m ch\u1ea5t l\u01b0\u1ee3ng v\u00e0 t\u00ednh n\u0103ng ph\u00f9 h\u1ee3p v\u1edbi t\u1eebng nhu c\u1ea7u kh\u00e1ch h\u00e0ng kh\u00e1c nhau. Ngo\u00e0i ra khi mua xe t\u1ea1i c\u00f4ng ty ch\u00fang t\u00f4i, qu\u00fd kh\u00e1ch c\u00f2n \u0111\u01b0\u1ee3c cung c\u1ea5p ngu\u1ed3n nguy\u00ean li\u1ec7u ch\u1ea5t l\u01b0\u1ee3ng v\u1edbi gi\u00e1 t\u1ea1i x\u01b0\u1edfng, \u0111\u01b0\u1ee3c chia s\u1ebb c\u00e1c kinh nghi\u1ec7m b\u00e1n b\u00e1nh m\u00ec ch\u1ea3 c\u00e1 qu\u00fd gi\u00e1 m\u00e0 ch\u00fang t\u00f4i t\u00edch l\u0169y \u0111\u01b0\u1ee3c, \u0111\u01b0\u1ee3c cung c\u1ea5p c\u00e1c lo\u1ea1i t\u00fai gi\u1ea5y b\u00e1nh m\u00ec gi\u00e1 r\u1ebb v\u1edbi nhi\u1ec1u thi\u1ebft k\u1ebf chuy\u00ean nghi\u1ec7p.<\/p>\n<p>Xe b\u00e1nh m\u00ec ch\u1ea3 c\u00e1 bao g\u1ed3m:<br \/>\n\u2013 M\u00e1y\/khu\u00f4n \u00e9p ch\u1ea3 c\u00e1 (xoay tr\u00e1i ph\u1ea3i \u2013 n\u1eadng cao th\u1ea5p)<br \/>\n\u2013 Decal qu\u1ea3ng c\u00e1o 3 m\u1eb7t (t\u00f9y ch\u1ec9nh thi\u1ebft k\u1ebf)<br \/>\n\u2013 T\u1ee7 ki\u1ebfng 2 t\u1ea7ng<br \/>\n\u2013 H\u1ed1c b\u1ebfp chi\u00ean kh\u00e9p k\u00edn<br \/>\n\u2013 01 b\u00e0n l\u1eadt h\u00f4ng 4 t\u1ea5c<br \/>\n\u2013 Ch\u1ed7 c\u1eafm d\u00f9<br \/>\n\u2013 4 b\u00e1nh xe c\u1ee9ng c\u00e1p (2 b\u00e1nh kh\u00f3a ch\u1ea1y)<br \/>\n\u2013 K\u00cdch th\u01b0\u1edbc: 1m x 0.5m x 1.6m<\/p>\n","protected":false},"excerpt":{"rendered":"<p>Xe b\u00e1nh m\u00ec ch\u1ea3 c\u00e1 lo\u1ea1i th\u01b0\u1eddng m\u00e0u xanh Zalo v\u1edbi k\u00edch th\u01b0\u1edbc nh\u1ecf g\u1ecdn, d\u1ec5 di chuy\u1ec3n s\u1ebd gi\u00fap qu\u00fd kh\u00e1ch kinh doanh d\u1ec5 d\u00e0ng t\u1ea1i nh\u1eefng \u0111\u1ecba \u0111i\u1ec3m c\u00f3 di\u1ec7n t\u00edch h\u1ea1n h\u1eb9p. Thi\u1ebft k\u1ebf \u0111\u1eb9p m\u1eaft v\u1edbi t\u00f4ng m\u00e0u n\u1ed5i \u0111\u1ec3 kh\u00e1ch h\u00e0ng d\u1ec5 d\u00e0ng nh\u1eadn bi\u1ebft khi t\u1eeb \u0111\u1eb1ng xa. V\u1edbi [&#8230;]\n","protected":false},"featured_media":3292,"template":"","meta":[],"product_brand":[],"product_cat":[607,608],"product_tag":[610,617,611,618,609],"class_list":{"0":"post-3291","1":"product","2":"type-product","3":"status-publish","4":"has-post-thumbnail","6":"product_cat-xe-banh-mi-cha-ca","7":"product_cat-xe-banh-mi-thuong","8":"product_tag-cha-ca","9":"product_tag-mau-moi","10":"product_tag-nho-gon","11":"product_tag-xanh-zalo","12":"product_tag-xe-banh-mi","14":"first","15":"instock","16":"sale","17":"shipping-taxable","18":"purchasable","19":"product-type-simple"},"yoast_head":"<!-- This site is optimized with the Yoast SEO Premium plugin v18.3 (Yoast SEO v27.4) - https:\/\/yoast.com\/product\/yoast-seo-premium-wordpress\/ -->\n<title>Xe b\u00e1nh m\u00ec ch\u1ea3 c\u00e1 nh\u1ecf (xanh Zalo) M\u1eabu m\u1edbi - XCNM01 - Xe b\u00e1nh m\u00ec ch\u1ea3 c\u00e1<\/title>\n<meta name=\"robots\" content=\"index, follow, max-snippet:-1, max-image-preview:large, max-video-preview:-1\" \/>\n<link rel=\"canonical\" href=\"https:\/\/banhmichaca.vn\/bai-viet\/product\/xe-banh-mi-cha-ca-nho-xanh-zalo-mau-moi-xcnm01\/\" \/>\n<meta property=\"og:locale\" content=\"vi_VN\" \/>\n<meta property=\"og:type\" content=\"article\" \/>\n<meta property=\"og:title\" content=\"Xe b\u00e1nh m\u00ec ch\u1ea3 c\u00e1 nh\u1ecf (xanh Zalo) M\u1eabu m\u1edbi - XCNM01\" \/>\n<meta property=\"og:description\" content=\"Xe b\u00e1nh m\u00ec ch\u1ea3 c\u00e1 lo\u1ea1i th\u01b0\u1eddng m\u00e0u xanh Zalo v\u1edbi k\u00edch th\u01b0\u1edbc nh\u1ecf g\u1ecdn, d\u1ec5 di chuy\u1ec3n s\u1ebd gi\u00fap qu\u00fd kh\u00e1ch kinh doanh d\u1ec5 d\u00e0ng t\u1ea1i nh\u1eefng \u0111\u1ecba \u0111i\u1ec3m c\u00f3 di\u1ec7n t\u00edch h\u1ea1n h\u1eb9p. Thi\u1ebft k\u1ebf \u0111\u1eb9p m\u1eaft v\u1edbi t\u00f4ng m\u00e0u n\u1ed5i \u0111\u1ec3 kh\u00e1ch h\u00e0ng d\u1ec5 d\u00e0ng nh\u1eadn bi\u1ebft khi t\u1eeb \u0111\u1eb1ng xa. V\u1edbi [...]\" \/>\n<meta property=\"og:url\" content=\"https:\/\/banhmichaca.vn\/bai-viet\/product\/xe-banh-mi-cha-ca-nho-xanh-zalo-mau-moi-xcnm01\/\" \/>\n<meta property=\"og:site_name\" content=\"Xe b\u00e1nh m\u00ec ch\u1ea3 c\u00e1\" \/>\n<meta property=\"article:modified_time\" content=\"2019-11-29T02:25:22+00:00\" \/>\n<meta property=\"og:image\" content=\"https:\/\/banhmichaca.vn\/bai-viet\/wp-content\/uploads\/2019\/11\/IMG20190904135034-scaled.jpg\" \/>\n\t<meta property=\"og:image:width\" content=\"1920\" \/>\n\t<meta property=\"og:image:height\" content=\"2560\" \/>\n\t<meta property=\"og:image:type\" content=\"image\/jpeg\" \/>\n<meta name=\"twitter:card\" content=\"summary_large_image\" \/>\n<meta name=\"twitter:label1\" content=\"\u01af\u1edbc t\u00ednh th\u1eddi gian \u0111\u1ecdc\" \/>\n\t<meta name=\"twitter:data1\" content=\"2 ph\u00fat\" \/>\n<script type=\"application\/ld+json\" class=\"yoast-schema-graph\">{\"@context\":\"https:\\\/\\\/schema.org\",\"@graph\":[{\"@type\":\"WebPage\",\"@id\":\"https:\\\/\\\/banhmichaca.vn\\\/bai-viet\\\/product\\\/xe-banh-mi-cha-ca-nho-xanh-zalo-mau-moi-xcnm01\\\/\",\"url\":\"https:\\\/\\\/banhmichaca.vn\\\/bai-viet\\\/product\\\/xe-banh-mi-cha-ca-nho-xanh-zalo-mau-moi-xcnm01\\\/\",\"name\":\"Xe b\u00e1nh m\u00ec ch\u1ea3 c\u00e1 nh\u1ecf (xanh Zalo) M\u1eabu m\u1edbi - XCNM01 - Xe b\u00e1nh m\u00ec ch\u1ea3 c\u00e1\",\"isPartOf\":{\"@id\":\"https:\\\/\\\/banhmichaca.vn\\\/bai-viet\\\/#website\"},\"primaryImageOfPage\":{\"@id\":\"https:\\\/\\\/banhmichaca.vn\\\/bai-viet\\\/product\\\/xe-banh-mi-cha-ca-nho-xanh-zalo-mau-moi-xcnm01\\\/#primaryimage\"},\"image\":{\"@id\":\"https:\\\/\\\/banhmichaca.vn\\\/bai-viet\\\/product\\\/xe-banh-mi-cha-ca-nho-xanh-zalo-mau-moi-xcnm01\\\/#primaryimage\"},\"thumbnailUrl\":\"https:\\\/\\\/banhmichaca.vn\\\/bai-viet\\\/wp-content\\\/uploads\\\/2019\\\/11\\\/IMG20190904135034-scaled.jpg\",\"datePublished\":\"2019-11-29T02:22:45+00:00\",\"dateModified\":\"2019-11-29T02:25:22+00:00\",\"breadcrumb\":{\"@id\":\"https:\\\/\\\/banhmichaca.vn\\\/bai-viet\\\/product\\\/xe-banh-mi-cha-ca-nho-xanh-zalo-mau-moi-xcnm01\\\/#breadcrumb\"},\"inLanguage\":\"vi\",\"potentialAction\":[{\"@type\":\"ReadAction\",\"target\":[\"https:\\\/\\\/banhmichaca.vn\\\/bai-viet\\\/product\\\/xe-banh-mi-cha-ca-nho-xanh-zalo-mau-moi-xcnm01\\\/\"]}]},{\"@type\":\"ImageObject\",\"inLanguage\":\"vi\",\"@id\":\"https:\\\/\\\/banhmichaca.vn\\\/bai-viet\\\/product\\\/xe-banh-mi-cha-ca-nho-xanh-zalo-mau-moi-xcnm01\\\/#primaryimage\",\"url\":\"https:\\\/\\\/banhmichaca.vn\\\/bai-viet\\\/wp-content\\\/uploads\\\/2019\\\/11\\\/IMG20190904135034-scaled.jpg\",\"contentUrl\":\"https:\\\/\\\/banhmichaca.vn\\\/bai-viet\\\/wp-content\\\/uploads\\\/2019\\\/11\\\/IMG20190904135034-scaled.jpg\",\"width\":1920,\"height\":2560},{\"@type\":\"BreadcrumbList\",\"@id\":\"https:\\\/\\\/banhmichaca.vn\\\/bai-viet\\\/product\\\/xe-banh-mi-cha-ca-nho-xanh-zalo-mau-moi-xcnm01\\\/#breadcrumb\",\"itemListElement\":[{\"@type\":\"ListItem\",\"position\":1,\"name\":\"Home\",\"item\":\"https:\\\/\\\/banhmichaca.vn\\\/bai-viet\\\/\"},{\"@type\":\"ListItem\",\"position\":2,\"name\":\"C\u1eeda h\u00e0ng\",\"item\":\"https:\\\/\\\/banhmichaca.vn\\\/bai-viet\\\/shop\\\/\"},{\"@type\":\"ListItem\",\"position\":3,\"name\":\"Xe b\u00e1nh m\u00ec ch\u1ea3 c\u00e1 nh\u1ecf (xanh Zalo) M\u1eabu m\u1edbi &#8211; XCNM01\"}]},{\"@type\":\"WebSite\",\"@id\":\"https:\\\/\\\/banhmichaca.vn\\\/bai-viet\\\/#website\",\"url\":\"https:\\\/\\\/banhmichaca.vn\\\/bai-viet\\\/\",\"name\":\"Xe b\u00e1nh m\u00ec ch\u1ea3 c\u00e1\",\"description\":\"S\u1ea3n xu\u1ea5t xe b\u00e1nh m\u00ec ch\u1ea3 c\u00e1 inox\",\"publisher\":{\"@id\":\"https:\\\/\\\/banhmichaca.vn\\\/bai-viet\\\/#organization\"},\"potentialAction\":[{\"@type\":\"SearchAction\",\"target\":{\"@type\":\"EntryPoint\",\"urlTemplate\":\"https:\\\/\\\/banhmichaca.vn\\\/bai-viet\\\/?s={search_term_string}\"},\"query-input\":{\"@type\":\"PropertyValueSpecification\",\"valueRequired\":true,\"valueName\":\"search_term_string\"}}],\"inLanguage\":\"vi\"},{\"@type\":\"Organization\",\"@id\":\"https:\\\/\\\/banhmichaca.vn\\\/bai-viet\\\/#organization\",\"name\":\"Xe B\u00e1nh m\u00ec Ch\u1ea3 c\u00e1\",\"url\":\"https:\\\/\\\/banhmichaca.vn\\\/bai-viet\\\/\",\"logo\":{\"@type\":\"ImageObject\",\"inLanguage\":\"vi\",\"@id\":\"https:\\\/\\\/banhmichaca.vn\\\/bai-viet\\\/#\\\/schema\\\/logo\\\/image\\\/\",\"url\":\"https:\\\/\\\/banhmichaca.vn\\\/bai-viet\\\/wp-content\\\/uploads\\\/2018\\\/06\\\/120-banhmichaca.vn_.png\",\"contentUrl\":\"https:\\\/\\\/banhmichaca.vn\\\/bai-viet\\\/wp-content\\\/uploads\\\/2018\\\/06\\\/120-banhmichaca.vn_.png\",\"width\":269,\"height\":86,\"caption\":\"Xe B\u00e1nh m\u00ec Ch\u1ea3 c\u00e1\"},\"image\":{\"@id\":\"https:\\\/\\\/banhmichaca.vn\\\/bai-viet\\\/#\\\/schema\\\/logo\\\/image\\\/\"}}]}<\/script>\n<!-- \/ Yoast SEO Premium plugin. -->","yoast_head_json":{"title":"Xe b\u00e1nh m\u00ec ch\u1ea3 c\u00e1 nh\u1ecf (xanh Zalo) M\u1eabu m\u1edbi - XCNM01 - Xe b\u00e1nh m\u00ec ch\u1ea3 c\u00e1","robots":{"index":"index","follow":"follow","max-snippet":"max-snippet:-1","max-image-preview":"max-image-preview:large","max-video-preview":"max-video-preview:-1"},"canonical":"https:\/\/banhmichaca.vn\/bai-viet\/product\/xe-banh-mi-cha-ca-nho-xanh-zalo-mau-moi-xcnm01\/","og_locale":"vi_VN","og_type":"article","og_title":"Xe b\u00e1nh m\u00ec ch\u1ea3 c\u00e1 nh\u1ecf (xanh Zalo) M\u1eabu m\u1edbi - XCNM01","og_description":"Xe b\u00e1nh m\u00ec ch\u1ea3 c\u00e1 lo\u1ea1i th\u01b0\u1eddng m\u00e0u xanh Zalo v\u1edbi k\u00edch th\u01b0\u1edbc nh\u1ecf g\u1ecdn, d\u1ec5 di chuy\u1ec3n s\u1ebd gi\u00fap qu\u00fd kh\u00e1ch kinh doanh d\u1ec5 d\u00e0ng t\u1ea1i nh\u1eefng \u0111\u1ecba \u0111i\u1ec3m c\u00f3 di\u1ec7n t\u00edch h\u1ea1n h\u1eb9p. Thi\u1ebft k\u1ebf \u0111\u1eb9p m\u1eaft v\u1edbi t\u00f4ng m\u00e0u n\u1ed5i \u0111\u1ec3 kh\u00e1ch h\u00e0ng d\u1ec5 d\u00e0ng nh\u1eadn bi\u1ebft khi t\u1eeb \u0111\u1eb1ng xa. V\u1edbi [...]","og_url":"https:\/\/banhmichaca.vn\/bai-viet\/product\/xe-banh-mi-cha-ca-nho-xanh-zalo-mau-moi-xcnm01\/","og_site_name":"Xe b\u00e1nh m\u00ec ch\u1ea3 c\u00e1","article_modified_time":"2019-11-29T02:25:22+00:00","og_image":[{"width":1920,"height":2560,"url":"https:\/\/banhmichaca.vn\/bai-viet\/wp-content\/uploads\/2019\/11\/IMG20190904135034-scaled.jpg","type":"image\/jpeg"}],"twitter_card":"summary_large_image","twitter_misc":{"\u01af\u1edbc t\u00ednh th\u1eddi gian \u0111\u1ecdc":"2 ph\u00fat"},"schema":{"@context":"https:\/\/schema.org","@graph":[{"@type":"WebPage","@id":"https:\/\/banhmichaca.vn\/bai-viet\/product\/xe-banh-mi-cha-ca-nho-xanh-zalo-mau-moi-xcnm01\/","url":"https:\/\/banhmichaca.vn\/bai-viet\/product\/xe-banh-mi-cha-ca-nho-xanh-zalo-mau-moi-xcnm01\/","name":"Xe b\u00e1nh m\u00ec ch\u1ea3 c\u00e1 nh\u1ecf (xanh Zalo) M\u1eabu m\u1edbi - XCNM01 - Xe b\u00e1nh m\u00ec ch\u1ea3 c\u00e1","isPartOf":{"@id":"https:\/\/banhmichaca.vn\/bai-viet\/#website"},"primaryImageOfPage":{"@id":"https:\/\/banhmichaca.vn\/bai-viet\/product\/xe-banh-mi-cha-ca-nho-xanh-zalo-mau-moi-xcnm01\/#primaryimage"},"image":{"@id":"https:\/\/banhmichaca.vn\/bai-viet\/product\/xe-banh-mi-cha-ca-nho-xanh-zalo-mau-moi-xcnm01\/#primaryimage"},"thumbnailUrl":"https:\/\/banhmichaca.vn\/bai-viet\/wp-content\/uploads\/2019\/11\/IMG20190904135034-scaled.jpg","datePublished":"2019-11-29T02:22:45+00:00","dateModified":"2019-11-29T02:25:22+00:00","breadcrumb":{"@id":"https:\/\/banhmichaca.vn\/bai-viet\/product\/xe-banh-mi-cha-ca-nho-xanh-zalo-mau-moi-xcnm01\/#breadcrumb"},"inLanguage":"vi","potentialAction":[{"@type":"ReadAction","target":["https:\/\/banhmichaca.vn\/bai-viet\/product\/xe-banh-mi-cha-ca-nho-xanh-zalo-mau-moi-xcnm01\/"]}]},{"@type":"ImageObject","inLanguage":"vi","@id":"https:\/\/banhmichaca.vn\/bai-viet\/product\/xe-banh-mi-cha-ca-nho-xanh-zalo-mau-moi-xcnm01\/#primaryimage","url":"https:\/\/banhmichaca.vn\/bai-viet\/wp-content\/uploads\/2019\/11\/IMG20190904135034-scaled.jpg","contentUrl":"https:\/\/banhmichaca.vn\/bai-viet\/wp-content\/uploads\/2019\/11\/IMG20190904135034-scaled.jpg","width":1920,"height":2560},{"@type":"BreadcrumbList","@id":"https:\/\/banhmichaca.vn\/bai-viet\/product\/xe-banh-mi-cha-ca-nho-xanh-zalo-mau-moi-xcnm01\/#breadcrumb","itemListElement":[{"@type":"ListItem","position":1,"name":"Home","item":"https:\/\/banhmichaca.vn\/bai-viet\/"},{"@type":"ListItem","position":2,"name":"C\u1eeda h\u00e0ng","item":"https:\/\/banhmichaca.vn\/bai-viet\/shop\/"},{"@type":"ListItem","position":3,"name":"Xe b\u00e1nh m\u00ec ch\u1ea3 c\u00e1 nh\u1ecf (xanh Zalo) M\u1eabu m\u1edbi &#8211; XCNM01"}]},{"@type":"WebSite","@id":"https:\/\/banhmichaca.vn\/bai-viet\/#website","url":"https:\/\/banhmichaca.vn\/bai-viet\/","name":"Xe b\u00e1nh m\u00ec ch\u1ea3 c\u00e1","description":"S\u1ea3n xu\u1ea5t xe b\u00e1nh m\u00ec ch\u1ea3 c\u00e1 inox","publisher":{"@id":"https:\/\/banhmichaca.vn\/bai-viet\/#organization"},"potentialAction":[{"@type":"SearchAction","target":{"@type":"EntryPoint","urlTemplate":"https:\/\/banhmichaca.vn\/bai-viet\/?s={search_term_string}"},"query-input":{"@type":"PropertyValueSpecification","valueRequired":true,"valueName":"search_term_string"}}],"inLanguage":"vi"},{"@type":"Organization","@id":"https:\/\/banhmichaca.vn\/bai-viet\/#organization","name":"Xe B\u00e1nh m\u00ec Ch\u1ea3 c\u00e1","url":"https:\/\/banhmichaca.vn\/bai-viet\/","logo":{"@type":"ImageObject","inLanguage":"vi","@id":"https:\/\/banhmichaca.vn\/bai-viet\/#\/schema\/logo\/image\/","url":"https:\/\/banhmichaca.vn\/bai-viet\/wp-content\/uploads\/2018\/06\/120-banhmichaca.vn_.png","contentUrl":"https:\/\/banhmichaca.vn\/bai-viet\/wp-content\/uploads\/2018\/06\/120-banhmichaca.vn_.png","width":269,"height":86,"caption":"Xe B\u00e1nh m\u00ec Ch\u1ea3 c\u00e1"},"image":{"@id":"https:\/\/banhmichaca.vn\/bai-viet\/#\/schema\/logo\/image\/"}}]}},"_links":{"self":[{"href":"https:\/\/banhmichaca.vn\/bai-viet\/wp-json\/wp\/v2\/product\/3291","targetHints":{"allow":["GET"]}}],"collection":[{"href":"https:\/\/banhmichaca.vn\/bai-viet\/wp-json\/wp\/v2\/product"}],"about":[{"href":"https:\/\/banhmichaca.vn\/bai-viet\/wp-json\/wp\/v2\/types\/product"}],"wp:featuredmedia":[{"embeddable":true,"href":"https:\/\/banhmichaca.vn\/bai-viet\/wp-json\/wp\/v2\/media\/3292"}],"wp:attachment":[{"href":"https:\/\/banhmichaca.vn\/bai-viet\/wp-json\/wp\/v2\/media?parent=3291"}],"wp:term":[{"taxonomy":"product_brand","embeddable":true,"href":"https:\/\/banhmichaca.vn\/bai-viet\/wp-json\/wp\/v2\/product_brand?post=3291"},{"taxonomy":"product_cat","embeddable":true,"href":"https:\/\/banhmichaca.vn\/bai-viet\/wp-json\/wp\/v2\/product_cat?post=3291"},{"taxonomy":"product_tag","embeddable":true,"href":"https:\/\/banhmichaca.vn\/bai-viet\/wp-json\/wp\/v2\/product_tag?post=3291"}],"curies":[{"name":"wp","href":"https:\/\/api.w.org\/{rel}","templated":true}]}}