{"id":93,"date":"2018-06-19T00:13:52","date_gmt":"2018-06-19T00:13:52","guid":{"rendered":"https:\/\/banhmichaca.vn\/bai-viet\/?page_id=93"},"modified":"2018-06-19T00:15:42","modified_gmt":"2018-06-19T00:15:42","slug":"lien-he-dat-xe-banh-mi","status":"publish","type":"page","link":"https:\/\/banhmichaca.vn\/bai-viet\/lien-he-dat-xe-banh-mi\/","title":{"rendered":"Li\u00ean h\u1ec7 \u0111\u1eb7t xe b\u00e1nh m\u00ec"},"content":{"rendered":"<p><strong>Hotline:<\/strong> <span class=\"td_btn td_btn_md td_default_btn\">0963 454 868 <\/span><br \/>\n<strong>V\u0103n ph\u00f2ng:<\/strong> 4\/4a B\u00f9i H\u1eefu Ngh\u0129a, B\u00ecnh \u0110\u1ee9c 2, Thu\u1eadn An, B\u00ecnh D\u01b0\u01a1ng.<br \/>\n<strong>Email:<\/strong> info@lily.vn<\/p>\n<div class=\"su-gmap su-u-responsive-media-yes\"><iframe loading=\"lazy\" width=\"600\" height=\"400\" src=\"\/\/maps.google.com\/maps?q=Ch%E1%BA%A3%20c%C3%A1%20m%E1%BB%97i%20v%C5%A9ng%20t%C3%A0u%20gi%C3%A1%20r%E1%BA%BB%20-%20Xe%20b%C3%A1nh%20m%C3%AC%20ch%E1%BA%A3%20c%C3%A1&amp;output=embed\" title=\"\"><\/iframe><\/div>\n","protected":false},"excerpt":{"rendered":"<p>Hotline: 0963 454 868 V\u0103n ph\u00f2ng: 4\/4a B\u00f9i H\u1eefu Ngh\u0129a, B\u00ecnh \u0110\u1ee9c 2, Thu\u1eadn An, B\u00ecnh D\u01b0\u01a1ng. Email: info@lily.vn<\/p>\n","protected":false},"author":1,"featured_media":0,"parent":0,"menu_order":0,"comment_status":"closed","ping_status":"closed","template":"","meta":{"footnotes":""},"class_list":["post-93","page","type-page","status-publish","hentry"],"yoast_head":"<!-- This site is optimized with the Yoast SEO Premium plugin v18.3 (Yoast SEO v27.5) - https:\/\/yoast.com\/product\/yoast-seo-premium-wordpress\/ -->\n<title>Li\u00ean h\u1ec7 \u0111\u1eb7t xe b\u00e1nh m\u00ec - Xe b\u00e1nh m\u00ec ch\u1ea3 c\u00e1<\/title>\n<meta name=\"robots\" content=\"index, follow, max-snippet:-1, max-image-preview:large, max-video-preview:-1\" \/>\n<link rel=\"canonical\" href=\"https:\/\/banhmichaca.vn\/bai-viet\/lien-he-dat-xe-banh-mi\/\" \/>\n<meta property=\"og:locale\" content=\"vi_VN\" \/>\n<meta property=\"og:type\" content=\"article\" \/>\n<meta property=\"og:title\" content=\"Li\u00ean h\u1ec7 \u0111\u1eb7t xe b\u00e1nh m\u00ec\" \/>\n<meta property=\"og:description\" content=\"Hotline: 0963 454 868 V\u0103n ph\u00f2ng: 4\/4a B\u00f9i H\u1eefu Ngh\u0129a, B\u00ecnh \u0110\u1ee9c 2, Thu\u1eadn An, B\u00ecnh D\u01b0\u01a1ng. Email: info@lily.vn\" \/>\n<meta property=\"og:url\" content=\"https:\/\/banhmichaca.vn\/bai-viet\/lien-he-dat-xe-banh-mi\/\" \/>\n<meta property=\"og:site_name\" content=\"Xe b\u00e1nh m\u00ec ch\u1ea3 c\u00e1\" \/>\n<meta property=\"article:modified_time\" content=\"2018-06-19T00:15:42+00:00\" \/>\n<meta name=\"twitter:card\" content=\"summary_large_image\" \/>\n<script type=\"application\/ld+json\" class=\"yoast-schema-graph\">{\"@context\":\"https:\\\/\\\/schema.org\",\"@graph\":[{\"@type\":\"WebPage\",\"@id\":\"https:\\\/\\\/banhmichaca.vn\\\/bai-viet\\\/lien-he-dat-xe-banh-mi\\\/\",\"url\":\"https:\\\/\\\/banhmichaca.vn\\\/bai-viet\\\/lien-he-dat-xe-banh-mi\\\/\",\"name\":\"Li\u00ean h\u1ec7 \u0111\u1eb7t xe b\u00e1nh m\u00ec - Xe b\u00e1nh m\u00ec ch\u1ea3 c\u00e1\",\"isPartOf\":{\"@id\":\"https:\\\/\\\/banhmichaca.vn\\\/bai-viet\\\/#website\"},\"datePublished\":\"2018-06-19T00:13:52+00:00\",\"dateModified\":\"2018-06-19T00:15:42+00:00\",\"breadcrumb\":{\"@id\":\"https:\\\/\\\/banhmichaca.vn\\\/bai-viet\\\/lien-he-dat-xe-banh-mi\\\/#breadcrumb\"},\"inLanguage\":\"vi\",\"potentialAction\":[{\"@type\":\"ReadAction\",\"target\":[\"https:\\\/\\\/banhmichaca.vn\\\/bai-viet\\\/lien-he-dat-xe-banh-mi\\\/\"]}]},{\"@type\":\"BreadcrumbList\",\"@id\":\"https:\\\/\\\/banhmichaca.vn\\\/bai-viet\\\/lien-he-dat-xe-banh-mi\\\/#breadcrumb\",\"itemListElement\":[{\"@type\":\"ListItem\",\"position\":1,\"name\":\"Home\",\"item\":\"https:\\\/\\\/banhmichaca.vn\\\/bai-viet\\\/\"},{\"@type\":\"ListItem\",\"position\":2,\"name\":\"Li\u00ean h\u1ec7 \u0111\u1eb7t xe b\u00e1nh m\u00ec\"}]},{\"@type\":\"WebSite\",\"@id\":\"https:\\\/\\\/banhmichaca.vn\\\/bai-viet\\\/#website\",\"url\":\"https:\\\/\\\/banhmichaca.vn\\\/bai-viet\\\/\",\"name\":\"Xe b\u00e1nh m\u00ec ch\u1ea3 c\u00e1\",\"description\":\"S\u1ea3n xu\u1ea5t xe b\u00e1nh m\u00ec ch\u1ea3 c\u00e1 inox\",\"publisher\":{\"@id\":\"https:\\\/\\\/banhmichaca.vn\\\/bai-viet\\\/#organization\"},\"potentialAction\":[{\"@type\":\"SearchAction\",\"target\":{\"@type\":\"EntryPoint\",\"urlTemplate\":\"https:\\\/\\\/banhmichaca.vn\\\/bai-viet\\\/?s={search_term_string}\"},\"query-input\":{\"@type\":\"PropertyValueSpecification\",\"valueRequired\":true,\"valueName\":\"search_term_string\"}}],\"inLanguage\":\"vi\"},{\"@type\":\"Organization\",\"@id\":\"https:\\\/\\\/banhmichaca.vn\\\/bai-viet\\\/#organization\",\"name\":\"Xe B\u00e1nh m\u00ec Ch\u1ea3 c\u00e1\",\"url\":\"https:\\\/\\\/banhmichaca.vn\\\/bai-viet\\\/\",\"logo\":{\"@type\":\"ImageObject\",\"inLanguage\":\"vi\",\"@id\":\"https:\\\/\\\/banhmichaca.vn\\\/bai-viet\\\/#\\\/schema\\\/logo\\\/image\\\/\",\"url\":\"https:\\\/\\\/banhmichaca.vn\\\/bai-viet\\\/wp-content\\\/uploads\\\/2018\\\/06\\\/120-banhmichaca.vn_.png\",\"contentUrl\":\"https:\\\/\\\/banhmichaca.vn\\\/bai-viet\\\/wp-content\\\/uploads\\\/2018\\\/06\\\/120-banhmichaca.vn_.png\",\"width\":269,\"height\":86,\"caption\":\"Xe B\u00e1nh m\u00ec Ch\u1ea3 c\u00e1\"},\"image\":{\"@id\":\"https:\\\/\\\/banhmichaca.vn\\\/bai-viet\\\/#\\\/schema\\\/logo\\\/image\\\/\"}}]}<\/script>\n<!-- \/ Yoast SEO Premium plugin. -->","yoast_head_json":{"title":"Li\u00ean h\u1ec7 \u0111\u1eb7t xe b\u00e1nh m\u00ec - Xe b\u00e1nh m\u00ec ch\u1ea3 c\u00e1","robots":{"index":"index","follow":"follow","max-snippet":"max-snippet:-1","max-image-preview":"max-image-preview:large","max-video-preview":"max-video-preview:-1"},"canonical":"https:\/\/banhmichaca.vn\/bai-viet\/lien-he-dat-xe-banh-mi\/","og_locale":"vi_VN","og_type":"article","og_title":"Li\u00ean h\u1ec7 \u0111\u1eb7t xe b\u00e1nh m\u00ec","og_description":"Hotline: 0963 454 868 V\u0103n ph\u00f2ng: 4\/4a B\u00f9i H\u1eefu Ngh\u0129a, B\u00ecnh \u0110\u1ee9c 2, Thu\u1eadn An, B\u00ecnh D\u01b0\u01a1ng. Email: info@lily.vn","og_url":"https:\/\/banhmichaca.vn\/bai-viet\/lien-he-dat-xe-banh-mi\/","og_site_name":"Xe b\u00e1nh m\u00ec ch\u1ea3 c\u00e1","article_modified_time":"2018-06-19T00:15:42+00:00","twitter_card":"summary_large_image","schema":{"@context":"https:\/\/schema.org","@graph":[{"@type":"WebPage","@id":"https:\/\/banhmichaca.vn\/bai-viet\/lien-he-dat-xe-banh-mi\/","url":"https:\/\/banhmichaca.vn\/bai-viet\/lien-he-dat-xe-banh-mi\/","name":"Li\u00ean h\u1ec7 \u0111\u1eb7t xe b\u00e1nh m\u00ec - Xe b\u00e1nh m\u00ec ch\u1ea3 c\u00e1","isPartOf":{"@id":"https:\/\/banhmichaca.vn\/bai-viet\/#website"},"datePublished":"2018-06-19T00:13:52+00:00","dateModified":"2018-06-19T00:15:42+00:00","breadcrumb":{"@id":"https:\/\/banhmichaca.vn\/bai-viet\/lien-he-dat-xe-banh-mi\/#breadcrumb"},"inLanguage":"vi","potentialAction":[{"@type":"ReadAction","target":["https:\/\/banhmichaca.vn\/bai-viet\/lien-he-dat-xe-banh-mi\/"]}]},{"@type":"BreadcrumbList","@id":"https:\/\/banhmichaca.vn\/bai-viet\/lien-he-dat-xe-banh-mi\/#breadcrumb","itemListElement":[{"@type":"ListItem","position":1,"name":"Home","item":"https:\/\/banhmichaca.vn\/bai-viet\/"},{"@type":"ListItem","position":2,"name":"Li\u00ean h\u1ec7 \u0111\u1eb7t xe b\u00e1nh m\u00ec"}]},{"@type":"WebSite","@id":"https:\/\/banhmichaca.vn\/bai-viet\/#website","url":"https:\/\/banhmichaca.vn\/bai-viet\/","name":"Xe b\u00e1nh m\u00ec ch\u1ea3 c\u00e1","description":"S\u1ea3n xu\u1ea5t xe b\u00e1nh m\u00ec ch\u1ea3 c\u00e1 inox","publisher":{"@id":"https:\/\/banhmichaca.vn\/bai-viet\/#organization"},"potentialAction":[{"@type":"SearchAction","target":{"@type":"EntryPoint","urlTemplate":"https:\/\/banhmichaca.vn\/bai-viet\/?s={search_term_string}"},"query-input":{"@type":"PropertyValueSpecification","valueRequired":true,"valueName":"search_term_string"}}],"inLanguage":"vi"},{"@type":"Organization","@id":"https:\/\/banhmichaca.vn\/bai-viet\/#organization","name":"Xe B\u00e1nh m\u00ec Ch\u1ea3 c\u00e1","url":"https:\/\/banhmichaca.vn\/bai-viet\/","logo":{"@type":"ImageObject","inLanguage":"vi","@id":"https:\/\/banhmichaca.vn\/bai-viet\/#\/schema\/logo\/image\/","url":"https:\/\/banhmichaca.vn\/bai-viet\/wp-content\/uploads\/2018\/06\/120-banhmichaca.vn_.png","contentUrl":"https:\/\/banhmichaca.vn\/bai-viet\/wp-content\/uploads\/2018\/06\/120-banhmichaca.vn_.png","width":269,"height":86,"caption":"Xe B\u00e1nh m\u00ec Ch\u1ea3 c\u00e1"},"image":{"@id":"https:\/\/banhmichaca.vn\/bai-viet\/#\/schema\/logo\/image\/"}}]}},"_links":{"self":[{"href":"https:\/\/banhmichaca.vn\/bai-viet\/wp-json\/wp\/v2\/pages\/93","targetHints":{"allow":["GET"]}}],"collection":[{"href":"https:\/\/banhmichaca.vn\/bai-viet\/wp-json\/wp\/v2\/pages"}],"about":[{"href":"https:\/\/banhmichaca.vn\/bai-viet\/wp-json\/wp\/v2\/types\/page"}],"author":[{"embeddable":true,"href":"https:\/\/banhmichaca.vn\/bai-viet\/wp-json\/wp\/v2\/users\/1"}],"replies":[{"embeddable":true,"href":"https:\/\/banhmichaca.vn\/bai-viet\/wp-json\/wp\/v2\/comments?post=93"}],"version-history":[{"count":3,"href":"https:\/\/banhmichaca.vn\/bai-viet\/wp-json\/wp\/v2\/pages\/93\/revisions"}],"predecessor-version":[{"id":96,"href":"https:\/\/banhmichaca.vn\/bai-viet\/wp-json\/wp\/v2\/pages\/93\/revisions\/96"}],"wp:attachment":[{"href":"https:\/\/banhmichaca.vn\/bai-viet\/wp-json\/wp\/v2\/media?parent=93"}],"curies":[{"name":"wp","href":"https:\/\/api.w.org\/{rel}","templated":true}]}}