{"id":3248,"date":"2019-11-22T07:44:24","date_gmt":"2019-11-22T07:44:24","guid":{"rendered":"https:\/\/banhmichaca.vn\/bai-viet\/?page_id=3248"},"modified":"2019-11-22T07:44:24","modified_gmt":"2019-11-22T07:44:24","slug":"dieu-khoan-bao-mat","status":"publish","type":"page","link":"https:\/\/banhmichaca.vn\/bai-viet\/dieu-khoan-bao-mat\/","title":{"rendered":"\u0110i\u1ec1u kho\u1ea3n b\u1ea3o m\u1eadt"},"content":{"rendered":"<div class=\"col-inner\">\n<div class=\"content-page\">\n<p>T\u1ea1i www.banhmichaca.vn v\u00e0 \u1ee9ng d\u1ee5ng Banhmichaca, ch\u00fang t\u00f4i cam k\u1ebft tu\u00e2n th\u1ee7 vi\u1ec7c b\u1ea3o v\u1ec7 quy\u1ec1n ri\u00eang t\u01b0 v\u00e0 b\u1ea3o m\u1eadt th\u00f4ng tin c\u00e1 nh\u00e2n (g\u1ecdi t\u1eaft l\u00e0 PII) m\u00e0 b\u1ea1n cung c\u1ea5p. Th\u00f4ng tin c\u00e1 nh\u00e2n c\u00f3 th\u1ec3 l\u00e0 t\u00ean, \u0111\u1ecba ch\u1ec9, \u0111i\u1ec7n tho\u1ea1i ho\u1eb7c \u0111\u1ecba ch\u1ec9 email.<\/p>\n<p>Ch\u00ednh s\u00e1ch ri\u00eang t\u01b0 n\u00e0y gi\u1ea3i th\u00edch v\u1ec1 c\u00e1ch th\u1ee9c ch\u00fang t\u00f4i x\u1eed l\u00fd v\u00e0 b\u1ea3o v\u1ec7 th\u00f4ng tin c\u00e1 nh\u00e2n theo qui \u0111\u1ecbnh \u0111\u01b0\u1ee3c ch\u1ea5p nh\u1eadn b\u1edfi hi\u1ec7p h\u1ed9i b\u1ea3o v\u1ec7 ch\u00ednh s\u00e1ch c\u00e1 nh\u00e2n. Nh\u1eefng ch\u00ednh s\u00e1ch n\u00e0y \u0111\u01b0\u1ee3c \u0111i\u1ec1u ch\u1ec9nh v\u00e0o ng\u00e0y 18 th\u00e1ng 3 n\u0103m 2011.<\/p>\n<p>Ch\u00fang t\u00f4i cam k\u1ebft b\u1ea3o m\u1eadt th\u00f4ng tin cho d\u00f9 c\u00f3 thay \u0111\u1ed5i hay s\u1eeda \u0111\u1ed5i ch\u00ednh s\u00e1ch n\u00e0y b\u1ea5t lu\u1eadn th\u1eddi gian v\u00e0 l\u00fd do. B\u1ea5t k\u1ef3 s\u1ef1 thay \u0111\u1ed5i v\u1ec1 ch\u00ednh s\u00e1ch b\u1ea3o v\u1ec7 th\u00f4ng tin c\u00e1 nh\u00e2n s\u1ebd \u0111\u01b0\u1ee3c th\u00f4ng b\u00e1o s\u1edbm tr\u01b0\u1edbc khi th\u1ef1c thi. M\u1ecdi \u00fd ki\u1ebfn th\u1eafc m\u1eafc xin li\u00ean h\u1ec7:<\/p>\n<p><strong>C\u00f4ng Ty CP Th\u01b0\u01a1ng M\u1ea1i D\u1ecbch V\u1ee5 T\u00e2n V\u0169 Phong<br \/>\n<\/strong><\/p>\n<p><strong>Tr\u1ee5 s\u1edf: 4\/4a B\u00f9i H\u1eefu Ngh\u0129a, B\u00ecnh H\u00f2a, Thu\u1eadn An, B\u00ecnh D\u01b0\u01a1ng.<br \/>\n<\/strong><\/p>\n<p><strong>Email: hi@banhmichaca.vn<\/strong><\/p>\n<p><strong>Ch\u00fang t\u00f4i l\u01b0u tr\u1eef th\u00f4ng tin g\u00ec?<\/strong><\/p>\n<p>M\u1ecdi n\u1ed7 l\u1ef1c gi\u1eef v\u1eefng d\u1ecbch v\u1ee5 kh\u00f4ng \u0111\u01a1n thu\u1ea7n l\u00e0 ch\u00fang t\u00f4i ch\u1ec9 t\u1ea1o ho\u1eb7c l\u01b0u tr\u1eef th\u00f4ng tin kh\u00e1ch h\u00e0ng. Ch\u00fang t\u00f4i ch\u1ec9 l\u01b0u l\u1ea1i PII v\u00e0 nh\u1eefng th\u00f4ng kh\u00e1c c\u1ea7n \u0111\u1ec3 trao \u0111\u1ed5i th\u00f4ng tin v\u1edbi b\u1ea1n.<\/p>\n<p><strong>Ch\u00fang t\u00f4i s\u1eed d\u1ee5ng th\u00f4ng tin c\u1ee7a b\u1ea1n nh\u01b0 th\u1ebf n\u00e0o?<\/strong><\/p>\n<p>Ch\u00fang t\u00f4i ch\u1ec9 s\u1eed d\u1ee5ng PII \u0111\u1ec3 tr\u1ea3 l\u1eddi v\u00e0 y\u00eau c\u1ea7u cho d\u1ecbch v\u1ee5 v\u00e0 s\u1ea3n ph\u1ea9m c\u1ee7a ch\u00fang t\u00f4i.<\/p>\n<p><strong>Ch\u00fang t\u00f4i chia s\u1ebb th\u00f4ng tin cu\u1ea3 b\u1ea1n v\u1edbi ai?<\/strong><\/p>\n<p>Ch\u00fang t\u00f4i kh\u00f4ng ti\u1ebft l\u1ed9 th\u00f4ng tin kh\u00e1ch h\u00e0ng cho b\u1ea5t k\u1ef3 ai.<\/p>\n<p><strong>B\u1ea1n \u0111i\u1ec1u ch\u1ec9nh v\u00e0 truy c\u1eadp th\u00f4ng tin c\u1ee7a b\u1ea1n nh\u01b0 th\u1ebf n\u00e0o?<\/strong><\/p>\n<p>Ch\u00fang t\u00f4i hi v\u1ecdng nh\u1eefng kh\u00e1ch gh\u00e9 th\u0103m website v\u00e0 c\u00f3 thay \u0111\u1ed5i th\u00f4ng tin l\u01b0u tr\u1eef v\u00e0 s\u1eed d\u1ee5ng PII.<\/p>\n<p><strong>Ch\u00fang t\u00f4i b\u1ea3o v\u1ec7 th\u00f4ng tin c\u00e1 nh\u00e2n b\u1ea1n nh\u01b0 th\u1ebf n\u00e0o?<\/strong><\/p>\n<p>\u0110\u1ec3 \u0111\u1ea3m b\u1ea3o \u0111\u1ed9 tin c\u1eady PII, ch\u00fang t\u00f4i \u0111\u00e3 s\u1eed d\u1ee5ng nh\u1eefng k\u1ef9 thu\u1eadt b\u1ea3o m\u1eadt c\u00f9ng thao t\u00e1c ki\u1ec3m tra v\u00e0 c\u1eadp nh\u1eadt th\u01b0\u1eddng xuy\u00ean.<\/p>\n<p><strong>Ch\u00fang t\u00f4i l\u01b0u tr\u1eef th\u00f4ng tin g\u00ec?<\/strong><\/p>\n<p>V\u1edbi n\u1ed7 l\u1ef1c duy tr\u00ec d\u1ecbch v\u1ee5 c\u1ee7a ch\u00fang t\u00f4i \u0111\u01a1n gi\u1ea3n t\u1ed1i \u0111a, ch\u00fang t\u00f4i kh\u00f4ng t\u1ea1o, s\u1eed d\u1ee5ng ho\u1eb7c l\u01b0u tr\u1eef th\u00f4ng tin c\u1ee7a kh\u00e1ch h\u00e0ng ngo\u00e0i m\u1ee5c \u0111\u00edch g\u1eedi c\u00e1c th\u00f4ng tin h\u1ea5p d\u1eabn (xem chi ti\u1ebft d\u01b0\u1edbi \u0111\u00e2y). Ch\u00fang t\u00f4i ch\u1ec9 s\u1eed d\u1ee5ng PII tr\u1ea3 l\u1eddi v\u00e0 y\u00eau c\u1ea7u cho d\u1ecbch v\u1ee5 v\u00e0 s\u1ea3n ph\u1ea9m c\u1ee7a ch\u00fang t\u00f4i. Ch\u00fang t\u00f4i m\u00f4 t\u1ea3 c\u1ee5 th\u1ec3 th\u00f4ng tin y\u00eau c\u1ea7u g\u1eedi t\u1edbi b\u1ea1n c\u1ee7a nh\u1eefng d\u1ecbch v\u1ee5 hay s\u1ea3n ph\u1ea9m b\u1ea1n y\u00eau c\u1ea7u.<\/p>\n<p><strong>Ch\u00fang t\u00f4i l\u01b0u PII khi:<\/strong><\/p>\n<ul>\n<li><strong>\u0110\u0103ng k\u00fd th\u00e0nh vi\u00ean <\/strong><\/li>\n<\/ul>\n<p>Ch\u00fang t\u00f4i l\u01b0u h\u1ecd t\u00ean, \u0111\u1ecba ch\u1ec9 email v\u00e0 s\u1ed1 \u0111i\u1ec7n tho\u1ea1i khi b\u1ea1n \u0111\u0103ng k\u00fd tr\u1edf th\u00e0nh th\u00e0nh vi\u00ean c\u1ee7a m\u1ea1ng l\u01b0\u1edbi Banhmichaca.<\/p>\n<ul>\n<li><strong>\u0110\u0103ng k\u00fd nh\u1eadn tin t\u1ee9c c\u1ee7a ch\u00fang t\u00f4i<\/strong><\/li>\n<\/ul>\n<p>\u1ee8ng d\u1ee5ng Banhmichaca l\u01b0u \u0111\u1ecba ch\u1ec9 email, t\u00ean v\u00e0 ph\u01b0\u01a1ng th\u1ee9c li\u00ean l\u1ea1c \u01b0a th\u00edch t\u1eeb m\u1ecdi ng\u01b0\u1eddi \u0111\u0103ng k\u00fd cho e-newsletter \u0111\u1ec3 ph\u1ee5c v\u1ee5 t\u1ed1t h\u01a1n.<\/p>\n<ul>\n<li><strong>Th\u00f4ng tin kh\u1ea3o s\u00e1t, tin khuy\u1ebfn m\u00e3i v\u00e0 d\u1ef1 thi<\/strong><\/li>\n<\/ul>\n<p>\u0110\u1ecbnh k\u1ef3, Ch\u00fang t\u00f4i c\u00f3 th\u1ec3 g\u1eedi \u0111\u1ebfn nh\u1eefng kh\u00e1ch vi\u1ebfng th\u0103m ho\u1eb7c nh\u1eefng ng\u01b0\u1eddi nh\u1eadn newsletter c\u01a1 h\u1ed9i tham gia cu\u1ed9c kh\u1ea3o s\u00e1t \u0111\u1ec1 c\u1eed, khuy\u1ebfn m\u00e3i ho\u1eb7c d\u1ef1 thi. Ch\u00fang t\u00f4i l\u01b0u PII khi b\u1ea1n tham gia cu\u1ed9c kh\u1ea3o s\u00e1t c\u00f3 th\u1ec3 bao g\u1ed3m h\u1ecd t\u00ean, \u0111\u1ecba ch\u1ec9, s\u1ed1 \u0111i\u1ec7n tho\u1ea1i.<\/p>\n<ul>\n<li><strong>Li\u00ean h\u1ec7 Banhmichaca<br \/>\n<\/strong><\/li>\n<\/ul>\n<p>Ch\u00fang t\u00f4i l\u01b0u PII nh\u01b0 h\u1ecd t\u00ean, \u0111\u1ecba ch\u1ec9 email v\u00e0 s\u1ed1 \u0111i\u1ec7n tho\u1ea1i khi b\u1ea1n click \u0111\u1ed3ng \u00fd g\u1eedi th\u00f4ng tin ho\u1eb7c \u0111\u1ec1 ngh\u1ecb, ph\u1ea3n h\u1ed3i v\u00e0 y\u00eau c\u1ea7u tr\u1ee3 gi\u00fap.<\/p>\n<p><strong>Nh\u1eefng th\u00f4ng tin kh\u00e1c m\u00e0 ch\u00fang t\u00f4i s\u1ebd l\u01b0u<\/strong><\/p>\n<ul>\n<li><strong>Th\u00f4ng tin th\u1ed1ng k\u00ea<\/strong><\/li>\n<\/ul>\n<p>Khi b\u1ea1n s\u1eed d\u1ee5ng \u1ee9ng d\u1ee5ng v\u00e0 website Banhmichaca ch\u00fang t\u00f4i s\u1ebd ghi nh\u1eadn l\u1ea1i th\u00f4ng tin l\u1ea7n gh\u00e9 v\u00e0 m\u1ee5c \u0111\u00edch y\u00eau c\u1ea7u c\u1ee7a b\u1ea1n, n\u00f3 kh\u00f4ng bao g\u1ed3m PII.<\/p>\n<ul>\n<li><strong>Cookies<\/strong><\/li>\n<\/ul>\n<p>Ch\u00fang t\u00f4i t\u00f9y v\u00e0o m\u1ed7i th\u1eddi gian m\u00e0 s\u1eed d\u1ee5ng \u201ccookie\u201d l\u01b0u tr\u1eef th\u00f4ng tin y\u00eau th\u00edch v\u00e0 th\u00f4ng tin ch\u1ee7 ch\u1ed1t m\u1ed7i l\u1ea7n b\u1ea1n gh\u00e9 th\u0103m v\u00e0 truy c\u1eadp \u1ee9ng d\u1ee5ng Banhmichaca c\u1ee7a ch\u00fang t\u00f4i, l\u01b0u tr\u1eef th\u00f4ng tin trang web \u0111\u01b0\u1ee3c gh\u00e9 th\u0103m \u0111\u1ec3 ch\u00fang t\u00f4i c\u1ea3i thi\u1ec7n \u1ee9ng d\u1ee5ng Banhmichaca c\u1ee7a ch\u00fang t\u00f4i.<\/p>\n<p>L\u00e0 ph\u1ea7n th\u00f4ng tin m\u00e0 \u0111\u01b0\u1ee3c chuy\u1ec3n \u0111\u1ebfn \u1ed7 c\u1ee9ng m\u00e1y c\u1ee7a b\u1ea1n \u0111\u1ec3 l\u01b0u tr\u1eef m\u1ee5c \u0111\u00edch. Cookie l\u00e0m \u1ee9ng d\u1ee5ng tr\u1edf n\u00ean hi\u1ec7u qu\u1ea3 v\u1ec1 vi\u1ec7c l\u01b0u tr\u1eef th\u00f4ng tin y\u00eau th\u00edch c\u1ee7a b\u1ea1n tr\u00ean \u1ee9ng d\u1ee5ng. S\u1eed d\u1ee5ng cookie l\u00e0 m\u1ed9t ti\u00eau chu\u1ea9n v\u00e0 c\u00f3 r\u1ea5t nhi\u1ec1u \u1ee9ng d\u1ee5ng s\u1eed d\u1ee5ng n\u00f3 c\u0169ng c\u1ea5p nh\u1eefng \u0111\u1eb7c t\u00ednh \u0111\u1ebfn cho b\u1ea1n.<\/p>\n<p><strong>Ch\u00fang t\u00f4i s\u1eed d\u1ee5ng th\u00f4ng tin c\u1ee7a b\u1ea1n nh\u01b0 th\u1ebf n\u00e0o?<\/strong><\/p>\n<p>Ch\u00fang t\u00f4i s\u1eed d\u1ee5ng PII v\u1edbi m\u1ee5c \u0111\u00edch gi\u1ea3i \u0111\u00e1p nh\u1eefng th\u1eafc m\u1eafc v\u1ec1 d\u1ecbch v\u1ee5 v\u00e0 s\u1ea3n ph\u1ea9m khi b\u1ea1n giao d\u1ecbch. Th\u00f4ng tin thu th\u1eadp tr\u00ean \u1ee9ng d\u1ee5ng Banhmichaca c\u00f3 th\u1ec3 l\u00e0:<\/p>\n<p><strong>Mua s\u1ea3n ph\u1ea9m v\u00e0 d\u1ecbch v\u1ee5 Banhmichaca<br \/>\n<\/strong><\/p>\n<p>Th\u00f4ng tin \u0111\u01b0\u1ee3c l\u01b0u khi b\u1ea1n khi b\u1ea1n mua d\u1ecbch v\u1ee5 c\u1ee7a ch\u00fang t\u00f4i \u0111\u1ec3 ti\u1ebfn h\u00e0nh giao h\u00e0ng,t\u00edch l\u0169y \u0111i\u1ec3m v\u00e0 trao th\u01b0\u1edfngCh\u00fang t\u00f4i c\u0169ng c\u00f3 th\u1ec3 li\u00ean l\u1ea1c v\u1edbi b\u1ea1n cho m\u1ee5c \u0111\u00edch kh\u1ea3o s\u00e1t ph\u1ee5c v\u1ee5 kh\u00e1ch h\u00e0ng, ho\u1eb7c m\u1ee5c \u0111\u00edch \u0111\u1ed5i ho\u1eb7c hu\u1ef7 \u0111\u01a1n \u0111\u1eb7t h\u00e0ng c\u1ee7a b\u1ea1n.<\/p>\n<p><strong>G\u1eedi e-newsletter<\/strong><\/p>\n<p>Ch\u00fang t\u00f4i ch\u1ec9 g\u1eedi e-newsletter t\u1edbi nh\u1eefng ng\u01b0\u1eddi ch\u1ea5p nh\u1eadn vi\u1ec7c n\u00e0y. e-Newsletter c\u1ee7a ch\u00fang t\u00f4i cung c\u1ea5p c\u00e1c th\u00f4ng tin v\u1ec1 c\u00e1c gi\u1ea3m gi\u00e1 h\u1ea5p d\u1eabn, v\u00e0 \u0111\u1ecbnh k\u1ef3 cung c\u1ea5p c\u00e1c ph\u1ea7n th\u01b0\u1edfng nh\u1ecf cho vi\u1ec7c ho\u00e0n th\u00e0nh b\u00e0i kh\u1ea3o s\u00e1t ho\u1eb7c tham d\u1ef1 thi ho\u1eb7c c\u00e1c khuy\u1ebfn m\u00e3i. Ch\u00fang t\u00f4i s\u1eed d\u1ee5ng c\u00e1c thi\u1ebft \u0111\u1eb7t c\u00e1 nh\u00e2n m\u00e0 b\u1ea1n cung c\u1ea5p cho ch\u00fang t\u00f4i \u0111\u1ec3 t\u00ecm c\u00e1c th\u00f4ng tin ph\u00f9 h\u1ee3p y\u00eau c\u1ea7u.<\/p>\n<p><strong>Gi\u1ea3i \u0111\u00e1p nh\u1eefng th\u1eafc m\u1eafc v\u00e0 y\u00eau c\u1ea7u<\/strong><\/p>\n<p>Ch\u00fang t\u00f4i s\u1ebd s\u1eed d\u1ee5ng \u0111\u1ecba ch\u1ec9 email v\u00e0 \/ ho\u1eb7c s\u1ed1 \u0111i\u1ec7n tho\u1ea1i \u0111\u1ec3 li\u00ean h\u1ec7 v\u1edbi b\u1ea1n khi b\u1ea1n g\u1eedi nh\u1eefng c\u00e2u h\u1ecfi hay \u0111\u1ec1 xu\u1ea5t.<\/p>\n<p><strong>Ch\u00fang t\u00f4i chia s\u1ebb th\u00f4ng tin c\u1ee7a b\u1ea1n v\u1edbi ai?<\/strong><\/p>\n<p>Ch\u00fang t\u00f4i kh\u00f4ng ti\u1ebft l\u1ed9 b\u1ea5t k\u1ef3 th\u00f4ng tin n\u00e0o v\u1ec1 giao d\u1ecbch c\u1ee7a kh\u00e1ch h\u00e0ng cho b\u1ea5t c\u1ee9 ai ngo\u1ea1i tr\u1eeb nh\u1eefng t\u00ecnh hu\u1ed1ng sau:<\/p>\n<p>&nbsp;<\/p>\n<p><strong>Nh\u00e0 cung c\u1ea5p d\u1ecbch v\u1ee5<\/strong><\/p>\n<p>Ch\u00fang t\u00f4i l\u00e0m vi\u1ec7c v\u1edbi nh\u00e0 cung c\u1ea5p c\u1ed5ng thanh to\u00e1n tr\u1ef1c tuy\u1ebfn v\u00e0 nh\u00e0 cung c\u1ea5p d\u1ecbch v\u1ee5 ki\u1ec3m so\u00e1t th\u1ebb gi\u1ea3 m\u1ea1o \u0111\u1ec3 mang t\u1edbi an to\u00e0n trong giao d\u1ecbch b\u1eb1ng th\u1ebb t\u00edn d\u1ee5ng tr\u00ean \u1ee9ng d\u1ee5ng Banhmichaca. Ch\u00fang t\u00f4i cung c\u1ea5p th\u00f4ng tin th\u1ebb (khi c\u1ea7n thi\u1ebft) li\u00ean quan t\u1edbi c\u00e1c giao d\u1ecbch \u0111\u1ec3 h\u1ecd x\u1eed l\u00fd v\u00e0 theo d\u00f5i thanh to\u00e1n d\u01b0\u1edbi s\u1ef1 c\u1ea5p ph\u00e9p c\u1ee7a ch\u00fang t\u00f4i.<\/p>\n<p>Ch\u00fang t\u00f4i l\u00e0m vi\u1ec7c v\u1edbi c\u00e1c \u0111\u1ed1i t\u00e1c v\u1eadn chuy\u1ec3n v\u00e0 cung c\u1ea5p c\u00e1c th\u00f4ng tin c\u1ea7n thi\u1ebft cho vi\u1ec7c giao nh\u1eadn \u0111\u1ebfn tay kh\u00e1ch h\u00e0ng nhanh nh\u1ea5t v\u00e0 an to\u00e0n nh\u1ea5t.<\/p>\n<p><strong>Nh\u1eefng ngh\u0129a v\u1ee5 v\u1ec1 lu\u1eadt ph\u00e1p<\/strong><\/p>\n<p>Ch\u00fang t\u00f4i s\u1ebd ph\u1ea3i tu\u00e2n th\u1ee5c lu\u1eadt ph\u00e1p khi ph\u1ea3i ti\u1ebft l\u1ed9 th\u00f4ng tin m\u00e0 b\u1ea1n cung c\u1ea5p cho ch\u00fang t\u00f4i v\u1edbi m\u1ee5c \u0111\u00edch ch\u1ee9ng minh c\u00e1c s\u1ea3n ph\u1ea9m hay d\u1ecbch v\u1ee5 c\u1ee7a Banhmichaca. Ch\u00fang t\u00f4i c\u0169ng c\u00f3 th\u1ec3 ti\u1ebft l\u1ed9 th\u00f4ng tin c\u00e1c c\u00e1 nh\u00e2n g\u00e2y h\u1ea1i cho ch\u00fang t\u00f4i (v\u00ed d\u1ee5 kh\u00e1ch h\u00e0ng gi\u1ea3 m\u1ea1o) ho\u1eb7c s\u1edf h\u1eefu nh\u1eefng h\u00e0nh vi \u0111e do\u1ea1 ng\u01b0\u1eddi kh\u00e1c.<\/p>\n<p><strong>B\u1ea1n \u0111i\u1ec1u ch\u1ec9nh v\u00e0 truy c\u1eadp th\u00f4ng tin c\u1ee7a b\u1ea1n nh\u01b0 th\u1ebf n\u00e0o?<\/strong><\/p>\n<p>Ch\u00fang t\u00f4i tin t\u01b0\u1edfng nh\u1eefng kh\u00e1ch gh\u00e9 trang web v\u00e0 nh\u1eefng kh\u00e1ch h\u00e0ng n\u00ean hi\u1ec7u ch\u1ec9nh v\u00e0 s\u1eed d\u1ee5ng PII c\u1ee7a h\u1ecd.<\/p>\n<p>\u0110\u00e2y l\u00e0 c\u00e1ch m\u00e0 b\u1ea1n c\u00f3 th\u1ec3 ki\u1ec3m so\u00e1t v\u00e0 truy xu\u1ea5t v\u00e0o th\u00f4ng tin c\u1ee7a b\u1ea1n:<\/p>\n<p><strong>Ghi nh\u1edb nh\u1eefng th\u00f4ng tin trong l\u1ea7n t\u1edbi<\/strong><\/p>\n<p>N\u1ebfu b\u1ea5t k\u1ef3 th\u1eddi gian n\u00e0o b\u1ea1n mu\u1ed1n ng\u1eebng vi\u1ec7c \u201cghi nh\u1edb th\u00f4ng tin trong l\u1ea7n t\u1edbi\u201d. H\u00e3y ch\u1ecdn G\u1edf b\u1ecf \u201cGhi nh\u1edbnh\u1eefng th\u00f4ng tin trong th\u1eddi gian t\u1edbi trong l\u1ea7n giao d\u1ecbch ho\u1eb7c li\u00ean h\u1ec7 v\u1edbi ch\u00fang t\u00f4i t\u1ea1i hi@Banhmichaca.com<\/p>\n<p><strong>Th\u00f4ng tin chung<\/strong><\/p>\n<p>N\u1ebfu trong b\u1ea5t k\u1ef3 th\u1eddi gian n\u00e0o b\u1ea1n c\u00f3 y\u00eau c\u1ea7u v\u1ec1 b\u1ea5t c\u1ee9 th\u00f4ng tin c\u00e1 nh\u00e2n n\u00e0o c\u1ee7a b\u1ea1n, h\u00e3y li\u00ean h\u1ec7 v\u1edbi ch\u00fang t\u00f4i t\u1ea1i hi@Banhmichaca.com<\/p>\n<p><strong>Ch\u00fang t\u00f4i b\u1ea3o v\u1ec7 th\u00f4ng tin c\u1ee7a b\u1ea1n nh\u01b0 th\u1ebf n\u00e0o?<\/strong><\/p>\n<p>\u0110\u1ec3 \u0111\u1ea3m b\u1ea3o \u0111\u1ed9 tin c\u1eady PII, ch\u00fang t\u00f4i s\u1eed d\u1ee5ng nh\u1eefng k\u1ef9 thu\u1eadt b\u1ea3o m\u1eadt v\u00e0 quy tr\u00ecnh chu\u1ea9n \u0111\u01b0\u1ee3c xem x\u00e9t v\u00e0 c\u1eadp nh\u1eadt th\u01b0\u1eddng xuy\u00ean.<\/p>\n<p>H\u1ec7 th\u1ed1ng c\u1ee7a ch\u00fang t\u00f4i \u0111\u01b0\u1ee3c c\u1ea5u h\u00ecnh v\u1edbi ti\u00eau chu\u1ea9n m\u00e3 ho\u00e1 c\u00f4ng nghi\u1ec7p v\u00e0 c\u00f4ng ngh\u1ec7 t\u01b0\u1eddng l\u1eeda. Khi b\u1ea1n g\u1eedi PII cho ch\u00fang t\u00f4i tr\u00ean Internet, d\u1eef li\u1ec7u c\u1ee7a b\u1ea1n \u0111\u00e3 \u0111\u01b0\u1ee3c b\u1ea3o v\u1ec7 b\u1edfi c\u00f4ng ngh\u1ec7 SSL \u0111\u1ec3 b\u1ea3o \u0111\u1ea3m an to\u00e0n tr\u00ean \u0111\u01b0\u1eddng truy\u1ec1n.<\/p>\n<\/div>\n<\/div>\n","protected":false},"excerpt":{"rendered":"<p>T\u1ea1i www.banhmichaca.vn v\u00e0 \u1ee9ng d\u1ee5ng Banhmichaca, ch\u00fang t\u00f4i cam k\u1ebft tu\u00e2n th\u1ee7 vi\u1ec7c b\u1ea3o v\u1ec7 quy\u1ec1n ri\u00eang t\u01b0 v\u00e0 b\u1ea3o m\u1eadt th\u00f4ng tin c\u00e1 nh\u00e2n (g\u1ecdi t\u1eaft l\u00e0 PII) m\u00e0 b\u1ea1n cung c\u1ea5p. Th\u00f4ng tin c\u00e1 nh\u00e2n c\u00f3 th\u1ec3 l\u00e0 t\u00ean, \u0111\u1ecba ch\u1ec9, \u0111i\u1ec7n tho\u1ea1i ho\u1eb7c \u0111\u1ecba ch\u1ec9 email. Ch\u00ednh s\u00e1ch ri\u00eang t\u01b0 n\u00e0y gi\u1ea3i [&#8230;]\n","protected":false},"author":1,"featured_media":0,"parent":0,"menu_order":0,"comment_status":"closed","ping_status":"closed","template":"","meta":{"footnotes":""},"class_list":["post-3248","page","type-page","status-publish","hentry"],"yoast_head":"<!-- This site is optimized with the Yoast SEO Premium plugin v18.3 (Yoast SEO v27.5) - https:\/\/yoast.com\/product\/yoast-seo-premium-wordpress\/ -->\n<title>\u0110i\u1ec1u kho\u1ea3n b\u1ea3o m\u1eadt - Xe b\u00e1nh m\u00ec ch\u1ea3 c\u00e1<\/title>\n<meta name=\"robots\" content=\"index, follow, max-snippet:-1, max-image-preview:large, max-video-preview:-1\" \/>\n<link rel=\"canonical\" href=\"https:\/\/banhmichaca.vn\/bai-viet\/dieu-khoan-bao-mat\/\" \/>\n<meta property=\"og:locale\" content=\"vi_VN\" \/>\n<meta property=\"og:type\" content=\"article\" \/>\n<meta property=\"og:title\" content=\"\u0110i\u1ec1u kho\u1ea3n b\u1ea3o m\u1eadt\" \/>\n<meta property=\"og:description\" content=\"T\u1ea1i www.banhmichaca.vn v\u00e0 \u1ee9ng d\u1ee5ng Banhmichaca, ch\u00fang t\u00f4i cam k\u1ebft tu\u00e2n th\u1ee7 vi\u1ec7c b\u1ea3o v\u1ec7 quy\u1ec1n ri\u00eang t\u01b0 v\u00e0 b\u1ea3o m\u1eadt th\u00f4ng tin c\u00e1 nh\u00e2n (g\u1ecdi t\u1eaft l\u00e0 PII) m\u00e0 b\u1ea1n cung c\u1ea5p. Th\u00f4ng tin c\u00e1 nh\u00e2n c\u00f3 th\u1ec3 l\u00e0 t\u00ean, \u0111\u1ecba ch\u1ec9, \u0111i\u1ec7n tho\u1ea1i ho\u1eb7c \u0111\u1ecba ch\u1ec9 email. Ch\u00ednh s\u00e1ch ri\u00eang t\u01b0 n\u00e0y gi\u1ea3i [...]\" \/>\n<meta property=\"og:url\" content=\"https:\/\/banhmichaca.vn\/bai-viet\/dieu-khoan-bao-mat\/\" \/>\n<meta property=\"og:site_name\" content=\"Xe b\u00e1nh m\u00ec ch\u1ea3 c\u00e1\" \/>\n<meta name=\"twitter:card\" content=\"summary_large_image\" \/>\n<meta name=\"twitter:label1\" content=\"\u01af\u1edbc t\u00ednh th\u1eddi gian \u0111\u1ecdc\" \/>\n\t<meta name=\"twitter:data1\" content=\"11 ph\u00fat\" \/>\n<script type=\"application\/ld+json\" class=\"yoast-schema-graph\">{\"@context\":\"https:\\\/\\\/schema.org\",\"@graph\":[{\"@type\":\"WebPage\",\"@id\":\"https:\\\/\\\/banhmichaca.vn\\\/bai-viet\\\/dieu-khoan-bao-mat\\\/\",\"url\":\"https:\\\/\\\/banhmichaca.vn\\\/bai-viet\\\/dieu-khoan-bao-mat\\\/\",\"name\":\"\u0110i\u1ec1u kho\u1ea3n b\u1ea3o m\u1eadt - Xe b\u00e1nh m\u00ec ch\u1ea3 c\u00e1\",\"isPartOf\":{\"@id\":\"https:\\\/\\\/banhmichaca.vn\\\/bai-viet\\\/#website\"},\"datePublished\":\"2019-11-22T07:44:24+00:00\",\"breadcrumb\":{\"@id\":\"https:\\\/\\\/banhmichaca.vn\\\/bai-viet\\\/dieu-khoan-bao-mat\\\/#breadcrumb\"},\"inLanguage\":\"vi\",\"potentialAction\":[{\"@type\":\"ReadAction\",\"target\":[\"https:\\\/\\\/banhmichaca.vn\\\/bai-viet\\\/dieu-khoan-bao-mat\\\/\"]}]},{\"@type\":\"BreadcrumbList\",\"@id\":\"https:\\\/\\\/banhmichaca.vn\\\/bai-viet\\\/dieu-khoan-bao-mat\\\/#breadcrumb\",\"itemListElement\":[{\"@type\":\"ListItem\",\"position\":1,\"name\":\"Home\",\"item\":\"https:\\\/\\\/banhmichaca.vn\\\/bai-viet\\\/\"},{\"@type\":\"ListItem\",\"position\":2,\"name\":\"\u0110i\u1ec1u kho\u1ea3n b\u1ea3o m\u1eadt\"}]},{\"@type\":\"WebSite\",\"@id\":\"https:\\\/\\\/banhmichaca.vn\\\/bai-viet\\\/#website\",\"url\":\"https:\\\/\\\/banhmichaca.vn\\\/bai-viet\\\/\",\"name\":\"Xe b\u00e1nh m\u00ec ch\u1ea3 c\u00e1\",\"description\":\"S\u1ea3n xu\u1ea5t xe b\u00e1nh m\u00ec ch\u1ea3 c\u00e1 inox\",\"publisher\":{\"@id\":\"https:\\\/\\\/banhmichaca.vn\\\/bai-viet\\\/#organization\"},\"potentialAction\":[{\"@type\":\"SearchAction\",\"target\":{\"@type\":\"EntryPoint\",\"urlTemplate\":\"https:\\\/\\\/banhmichaca.vn\\\/bai-viet\\\/?s={search_term_string}\"},\"query-input\":{\"@type\":\"PropertyValueSpecification\",\"valueRequired\":true,\"valueName\":\"search_term_string\"}}],\"inLanguage\":\"vi\"},{\"@type\":\"Organization\",\"@id\":\"https:\\\/\\\/banhmichaca.vn\\\/bai-viet\\\/#organization\",\"name\":\"Xe B\u00e1nh m\u00ec Ch\u1ea3 c\u00e1\",\"url\":\"https:\\\/\\\/banhmichaca.vn\\\/bai-viet\\\/\",\"logo\":{\"@type\":\"ImageObject\",\"inLanguage\":\"vi\",\"@id\":\"https:\\\/\\\/banhmichaca.vn\\\/bai-viet\\\/#\\\/schema\\\/logo\\\/image\\\/\",\"url\":\"https:\\\/\\\/banhmichaca.vn\\\/bai-viet\\\/wp-content\\\/uploads\\\/2018\\\/06\\\/120-banhmichaca.vn_.png\",\"contentUrl\":\"https:\\\/\\\/banhmichaca.vn\\\/bai-viet\\\/wp-content\\\/uploads\\\/2018\\\/06\\\/120-banhmichaca.vn_.png\",\"width\":269,\"height\":86,\"caption\":\"Xe B\u00e1nh m\u00ec Ch\u1ea3 c\u00e1\"},\"image\":{\"@id\":\"https:\\\/\\\/banhmichaca.vn\\\/bai-viet\\\/#\\\/schema\\\/logo\\\/image\\\/\"}}]}<\/script>\n<!-- \/ Yoast SEO Premium plugin. -->","yoast_head_json":{"title":"\u0110i\u1ec1u kho\u1ea3n b\u1ea3o m\u1eadt - Xe b\u00e1nh m\u00ec ch\u1ea3 c\u00e1","robots":{"index":"index","follow":"follow","max-snippet":"max-snippet:-1","max-image-preview":"max-image-preview:large","max-video-preview":"max-video-preview:-1"},"canonical":"https:\/\/banhmichaca.vn\/bai-viet\/dieu-khoan-bao-mat\/","og_locale":"vi_VN","og_type":"article","og_title":"\u0110i\u1ec1u kho\u1ea3n b\u1ea3o m\u1eadt","og_description":"T\u1ea1i www.banhmichaca.vn v\u00e0 \u1ee9ng d\u1ee5ng Banhmichaca, ch\u00fang t\u00f4i cam k\u1ebft tu\u00e2n th\u1ee7 vi\u1ec7c b\u1ea3o v\u1ec7 quy\u1ec1n ri\u00eang t\u01b0 v\u00e0 b\u1ea3o m\u1eadt th\u00f4ng tin c\u00e1 nh\u00e2n (g\u1ecdi t\u1eaft l\u00e0 PII) m\u00e0 b\u1ea1n cung c\u1ea5p. Th\u00f4ng tin c\u00e1 nh\u00e2n c\u00f3 th\u1ec3 l\u00e0 t\u00ean, \u0111\u1ecba ch\u1ec9, \u0111i\u1ec7n tho\u1ea1i ho\u1eb7c \u0111\u1ecba ch\u1ec9 email. Ch\u00ednh s\u00e1ch ri\u00eang t\u01b0 n\u00e0y gi\u1ea3i [...]","og_url":"https:\/\/banhmichaca.vn\/bai-viet\/dieu-khoan-bao-mat\/","og_site_name":"Xe b\u00e1nh m\u00ec ch\u1ea3 c\u00e1","twitter_card":"summary_large_image","twitter_misc":{"\u01af\u1edbc t\u00ednh th\u1eddi gian \u0111\u1ecdc":"11 ph\u00fat"},"schema":{"@context":"https:\/\/schema.org","@graph":[{"@type":"WebPage","@id":"https:\/\/banhmichaca.vn\/bai-viet\/dieu-khoan-bao-mat\/","url":"https:\/\/banhmichaca.vn\/bai-viet\/dieu-khoan-bao-mat\/","name":"\u0110i\u1ec1u kho\u1ea3n b\u1ea3o m\u1eadt - Xe b\u00e1nh m\u00ec ch\u1ea3 c\u00e1","isPartOf":{"@id":"https:\/\/banhmichaca.vn\/bai-viet\/#website"},"datePublished":"2019-11-22T07:44:24+00:00","breadcrumb":{"@id":"https:\/\/banhmichaca.vn\/bai-viet\/dieu-khoan-bao-mat\/#breadcrumb"},"inLanguage":"vi","potentialAction":[{"@type":"ReadAction","target":["https:\/\/banhmichaca.vn\/bai-viet\/dieu-khoan-bao-mat\/"]}]},{"@type":"BreadcrumbList","@id":"https:\/\/banhmichaca.vn\/bai-viet\/dieu-khoan-bao-mat\/#breadcrumb","itemListElement":[{"@type":"ListItem","position":1,"name":"Home","item":"https:\/\/banhmichaca.vn\/bai-viet\/"},{"@type":"ListItem","position":2,"name":"\u0110i\u1ec1u kho\u1ea3n b\u1ea3o m\u1eadt"}]},{"@type":"WebSite","@id":"https:\/\/banhmichaca.vn\/bai-viet\/#website","url":"https:\/\/banhmichaca.vn\/bai-viet\/","name":"Xe b\u00e1nh m\u00ec ch\u1ea3 c\u00e1","description":"S\u1ea3n xu\u1ea5t xe b\u00e1nh m\u00ec ch\u1ea3 c\u00e1 inox","publisher":{"@id":"https:\/\/banhmichaca.vn\/bai-viet\/#organization"},"potentialAction":[{"@type":"SearchAction","target":{"@type":"EntryPoint","urlTemplate":"https:\/\/banhmichaca.vn\/bai-viet\/?s={search_term_string}"},"query-input":{"@type":"PropertyValueSpecification","valueRequired":true,"valueName":"search_term_string"}}],"inLanguage":"vi"},{"@type":"Organization","@id":"https:\/\/banhmichaca.vn\/bai-viet\/#organization","name":"Xe B\u00e1nh m\u00ec Ch\u1ea3 c\u00e1","url":"https:\/\/banhmichaca.vn\/bai-viet\/","logo":{"@type":"ImageObject","inLanguage":"vi","@id":"https:\/\/banhmichaca.vn\/bai-viet\/#\/schema\/logo\/image\/","url":"https:\/\/banhmichaca.vn\/bai-viet\/wp-content\/uploads\/2018\/06\/120-banhmichaca.vn_.png","contentUrl":"https:\/\/banhmichaca.vn\/bai-viet\/wp-content\/uploads\/2018\/06\/120-banhmichaca.vn_.png","width":269,"height":86,"caption":"Xe B\u00e1nh m\u00ec Ch\u1ea3 c\u00e1"},"image":{"@id":"https:\/\/banhmichaca.vn\/bai-viet\/#\/schema\/logo\/image\/"}}]}},"_links":{"self":[{"href":"https:\/\/banhmichaca.vn\/bai-viet\/wp-json\/wp\/v2\/pages\/3248","targetHints":{"allow":["GET"]}}],"collection":[{"href":"https:\/\/banhmichaca.vn\/bai-viet\/wp-json\/wp\/v2\/pages"}],"about":[{"href":"https:\/\/banhmichaca.vn\/bai-viet\/wp-json\/wp\/v2\/types\/page"}],"author":[{"embeddable":true,"href":"https:\/\/banhmichaca.vn\/bai-viet\/wp-json\/wp\/v2\/users\/1"}],"replies":[{"embeddable":true,"href":"https:\/\/banhmichaca.vn\/bai-viet\/wp-json\/wp\/v2\/comments?post=3248"}],"version-history":[{"count":1,"href":"https:\/\/banhmichaca.vn\/bai-viet\/wp-json\/wp\/v2\/pages\/3248\/revisions"}],"predecessor-version":[{"id":3249,"href":"https:\/\/banhmichaca.vn\/bai-viet\/wp-json\/wp\/v2\/pages\/3248\/revisions\/3249"}],"wp:attachment":[{"href":"https:\/\/banhmichaca.vn\/bai-viet\/wp-json\/wp\/v2\/media?parent=3248"}],"curies":[{"name":"wp","href":"https:\/\/api.w.org\/{rel}","templated":true}]}}